{"id":55705,"date":"2025-11-10T20:34:30","date_gmt":"2025-11-10T19:34:30","guid":{"rendered":"https:\/\/www.ernstbrunn-apotheke.at\/katalog\/produkt\/multinova-zunderschwamm-kapseln-140-stk-bio\/"},"modified":"2025-12-08T17:00:10","modified_gmt":"2025-12-08T16:00:10","slug":"multinova-zunderschwamm-kapseln-140-stk-bio","status":"publish","type":"product","link":"https:\/\/www.ernstbrunn-apotheke.at\/katalog\/produkt\/multinova-zunderschwamm-kapseln-140-stk-bio\/","title":{"rendered":"Multinova Zunderschwamm Kapseln 140 Stk. BIO"},"content":{"rendered":"<p>Der Zunderschwamm (Fomes fomentarius) ist ein Baumpilz der in der Volksmedizin seit Jahrhunderten verwendet wird. Man findet ihn haupts\u00e4chlich auf Eichen, Pappeln, Birken und Buchen. Hier bevorzugt er eher einen \u00e4lteren Baumbestand.Es hei\u00dft, dass \u00d6tzi damals auf seiner Wanderung \u00fcber die Alpen, Zunderschwamm dabei hatte um im Notfall Feuer machen zu k\u00f6nnen. Der Pilz entz\u00fcndet sich schon bei minimalen Funken, wodurch er auch seinen Namen hat. Als Vitalpilz wird er gerne bei Magen- und Verdauungsproblemen eingesetzt. .<\/p>\n","protected":false},"excerpt":{"rendered":"<p>Der Zunderschwamm (Fomes fomentarius) ist ein Baumpilz der in der Volksmedizin seit Jahrhunderten verwendet wird. Man findet ihn haupts\u00e4chlich auf Eichen, Pappeln, Birken und Buchen. Hier bevorzugt er eher einen \u00e4lteren Baumbestand.Es hei\u00dft, dass \u00d6tzi damals auf seiner Wanderung \u00fcber die Alpen, Zunderschwamm dabei hatte um im Notfall Feuer machen zu k\u00f6nnen. Der Pilz entz\u00fcndet [&hellip;]<\/p>\n","protected":false},"featured_media":55707,"template":"","meta":{"_acf_changed":false},"product_brand":[],"product_cat":[800],"product_tag":[],"class_list":{"0":"post-55705","1":"product","2":"type-product","3":"status-publish","4":"has-post-thumbnail","6":"product_cat-m","7":"pa_packungsgroesse-140-stueck","9":"first","10":"instock","11":"shipping-taxable","12":"purchasable","13":"product-type-simple"},"acf":[],"_links":{"self":[{"href":"https:\/\/www.ernstbrunn-apotheke.at\/katalog\/wp-json\/wp\/v2\/product\/55705","targetHints":{"allow":["GET"]}}],"collection":[{"href":"https:\/\/www.ernstbrunn-apotheke.at\/katalog\/wp-json\/wp\/v2\/product"}],"about":[{"href":"https:\/\/www.ernstbrunn-apotheke.at\/katalog\/wp-json\/wp\/v2\/types\/product"}],"wp:featuredmedia":[{"embeddable":true,"href":"https:\/\/www.ernstbrunn-apotheke.at\/katalog\/wp-json\/wp\/v2\/media\/55707"}],"wp:attachment":[{"href":"https:\/\/www.ernstbrunn-apotheke.at\/katalog\/wp-json\/wp\/v2\/media?parent=55705"}],"wp:term":[{"taxonomy":"product_brand","embeddable":true,"href":"https:\/\/www.ernstbrunn-apotheke.at\/katalog\/wp-json\/wp\/v2\/product_brand?post=55705"},{"taxonomy":"product_cat","embeddable":true,"href":"https:\/\/www.ernstbrunn-apotheke.at\/katalog\/wp-json\/wp\/v2\/product_cat?post=55705"},{"taxonomy":"product_tag","embeddable":true,"href":"https:\/\/www.ernstbrunn-apotheke.at\/katalog\/wp-json\/wp\/v2\/product_tag?post=55705"}],"curies":[{"name":"wp","href":"https:\/\/api.w.org\/{rel}","templated":true}]}}