{"id":55701,"date":"2025-11-10T20:34:30","date_gmt":"2025-11-10T19:34:30","guid":{"rendered":"https:\/\/www.ernstbrunn-apotheke.at\/katalog\/produkt\/hanoju-bio-moringa-oleifera-pulver-250-g\/"},"modified":"2025-12-08T17:00:08","modified_gmt":"2025-12-08T16:00:08","slug":"hanoju-bio-moringa-oleifera-pulver-250-g","status":"publish","type":"product","link":"https:\/\/www.ernstbrunn-apotheke.at\/katalog\/produkt\/hanoju-bio-moringa-oleifera-pulver-250-g\/","title":{"rendered":"Hanoju Bio Moringa Oleifera Pulver 250 g"},"content":{"rendered":"<p>Hanoju Bio Moringa Oleifera Pulver enth\u00e4lt eine Vielzahl an Vitaminen und Mineralien. Das Produkt enth\u00e4lt ausschlie\u00dflich biologische Inhaltsstoffe.<\/p>\n","protected":false},"excerpt":{"rendered":"<p>Hanoju Bio Moringa Oleifera Pulver enth\u00e4lt eine Vielzahl an Vitaminen und Mineralien. Das Produkt enth\u00e4lt ausschlie\u00dflich biologische Inhaltsstoffe.<\/p>\n","protected":false},"featured_media":55703,"template":"","meta":{"_acf_changed":false},"product_brand":[],"product_cat":[805],"product_tag":[],"class_list":{"0":"post-55701","1":"product","2":"type-product","3":"status-publish","4":"has-post-thumbnail","6":"product_cat-h","7":"pa_packungsgroesse-250g","9":"first","10":"instock","11":"shipping-taxable","12":"purchasable","13":"product-type-simple"},"acf":[],"_links":{"self":[{"href":"https:\/\/www.ernstbrunn-apotheke.at\/katalog\/wp-json\/wp\/v2\/product\/55701","targetHints":{"allow":["GET"]}}],"collection":[{"href":"https:\/\/www.ernstbrunn-apotheke.at\/katalog\/wp-json\/wp\/v2\/product"}],"about":[{"href":"https:\/\/www.ernstbrunn-apotheke.at\/katalog\/wp-json\/wp\/v2\/types\/product"}],"wp:featuredmedia":[{"embeddable":true,"href":"https:\/\/www.ernstbrunn-apotheke.at\/katalog\/wp-json\/wp\/v2\/media\/55703"}],"wp:attachment":[{"href":"https:\/\/www.ernstbrunn-apotheke.at\/katalog\/wp-json\/wp\/v2\/media?parent=55701"}],"wp:term":[{"taxonomy":"product_brand","embeddable":true,"href":"https:\/\/www.ernstbrunn-apotheke.at\/katalog\/wp-json\/wp\/v2\/product_brand?post=55701"},{"taxonomy":"product_cat","embeddable":true,"href":"https:\/\/www.ernstbrunn-apotheke.at\/katalog\/wp-json\/wp\/v2\/product_cat?post=55701"},{"taxonomy":"product_tag","embeddable":true,"href":"https:\/\/www.ernstbrunn-apotheke.at\/katalog\/wp-json\/wp\/v2\/product_tag?post=55701"}],"curies":[{"name":"wp","href":"https:\/\/api.w.org\/{rel}","templated":true}]}}