{"id":55695,"date":"2025-11-10T20:34:30","date_gmt":"2025-11-10T19:34:30","guid":{"rendered":"https:\/\/www.ernstbrunn-apotheke.at\/katalog\/produkt\/life-light-selen-spirulina-tabletten-250-stk\/"},"modified":"2025-12-08T17:00:05","modified_gmt":"2025-12-08T16:00:05","slug":"life-light-selen-spirulina-tabletten-250-stk","status":"publish","type":"product","link":"https:\/\/www.ernstbrunn-apotheke.at\/katalog\/produkt\/life-light-selen-spirulina-tabletten-250-stk\/","title":{"rendered":"Life Light Selen Spirulina Tabletten 250 Stk."},"content":{"rendered":"<p>Selen Spirulina Tabletten enthalten hochwertige, jodfreie S\u00fc\u00dfwasser-Mikroalgen mit organisch gebundenem Chlorophyll und Selen. Selen t\u00e4gt zum Schutz der Zellen vor oxidativem Stress und zur Funktion der Schilddr\u00fcse bei. Vitamin B12 unterst\u00fctzt Funktion des Immunsystems. F\u00fcr eine vegetarische und vegane Ern\u00e4hrungsweise geeignet.<\/p>\n","protected":false},"excerpt":{"rendered":"<p>Selen Spirulina Tabletten enthalten hochwertige, jodfreie S\u00fc\u00dfwasser-Mikroalgen mit organisch gebundenem Chlorophyll und Selen. Selen t\u00e4gt zum Schutz der Zellen vor oxidativem Stress und zur Funktion der Schilddr\u00fcse bei. Vitamin B12 unterst\u00fctzt Funktion des Immunsystems. F\u00fcr eine vegetarische und vegane Ern\u00e4hrungsweise geeignet.<\/p>\n","protected":false},"featured_media":55697,"template":"","meta":{"_acf_changed":false},"product_brand":[],"product_cat":[795],"product_tag":[],"class_list":{"0":"post-55695","1":"product","2":"type-product","3":"status-publish","4":"has-post-thumbnail","6":"product_cat-l","7":"pa_packungsgroesse-250-stueck","9":"first","10":"instock","11":"shipping-taxable","12":"purchasable","13":"product-type-simple"},"acf":[],"_links":{"self":[{"href":"https:\/\/www.ernstbrunn-apotheke.at\/katalog\/wp-json\/wp\/v2\/product\/55695","targetHints":{"allow":["GET"]}}],"collection":[{"href":"https:\/\/www.ernstbrunn-apotheke.at\/katalog\/wp-json\/wp\/v2\/product"}],"about":[{"href":"https:\/\/www.ernstbrunn-apotheke.at\/katalog\/wp-json\/wp\/v2\/types\/product"}],"wp:featuredmedia":[{"embeddable":true,"href":"https:\/\/www.ernstbrunn-apotheke.at\/katalog\/wp-json\/wp\/v2\/media\/55697"}],"wp:attachment":[{"href":"https:\/\/www.ernstbrunn-apotheke.at\/katalog\/wp-json\/wp\/v2\/media?parent=55695"}],"wp:term":[{"taxonomy":"product_brand","embeddable":true,"href":"https:\/\/www.ernstbrunn-apotheke.at\/katalog\/wp-json\/wp\/v2\/product_brand?post=55695"},{"taxonomy":"product_cat","embeddable":true,"href":"https:\/\/www.ernstbrunn-apotheke.at\/katalog\/wp-json\/wp\/v2\/product_cat?post=55695"},{"taxonomy":"product_tag","embeddable":true,"href":"https:\/\/www.ernstbrunn-apotheke.at\/katalog\/wp-json\/wp\/v2\/product_tag?post=55695"}],"curies":[{"name":"wp","href":"https:\/\/api.w.org\/{rel}","templated":true}]}}