{"id":55571,"date":"2025-11-10T20:32:06","date_gmt":"2025-11-10T19:32:06","guid":{"rendered":"https:\/\/www.ernstbrunn-apotheke.at\/katalog\/produkt\/reishi-kapseln-pilz-ncm-100-stk\/"},"modified":"2025-12-08T16:59:30","modified_gmt":"2025-12-08T15:59:30","slug":"reishi-kapseln-pilz-ncm-100-stk","status":"publish","type":"product","link":"https:\/\/www.ernstbrunn-apotheke.at\/katalog\/produkt\/reishi-kapseln-pilz-ncm-100-stk\/","title":{"rendered":"Reishi Kapseln Pilz NCM 100 Stk."},"content":{"rendered":"<p>NCM Nahrungserg\u00e4nzung Naturcosmetic bietet eine Vielzahl an nat\u00fcrlichen Pflegeprodukten und Nahrungserg\u00e4nzungsmitteln. Alle Produkte aus nat\u00fcrlichen Quellen<\/p>\n","protected":false},"excerpt":{"rendered":"<p>NCM Nahrungserg\u00e4nzung Naturcosmetic bietet eine Vielzahl an nat\u00fcrlichen Pflegeprodukten und Nahrungserg\u00e4nzungsmitteln. Alle Produkte aus nat\u00fcrlichen Quellen<\/p>\n","protected":false},"featured_media":0,"template":"","meta":{"_acf_changed":false},"product_brand":[],"product_cat":[808],"product_tag":[],"class_list":{"0":"post-55571","1":"product","2":"type-product","3":"status-publish","5":"product_cat-r","6":"pa_packungsgroesse-100-stueck","8":"first","9":"instock","10":"shipping-taxable","11":"purchasable","12":"product-type-simple"},"acf":[],"_links":{"self":[{"href":"https:\/\/www.ernstbrunn-apotheke.at\/katalog\/wp-json\/wp\/v2\/product\/55571","targetHints":{"allow":["GET"]}}],"collection":[{"href":"https:\/\/www.ernstbrunn-apotheke.at\/katalog\/wp-json\/wp\/v2\/product"}],"about":[{"href":"https:\/\/www.ernstbrunn-apotheke.at\/katalog\/wp-json\/wp\/v2\/types\/product"}],"wp:attachment":[{"href":"https:\/\/www.ernstbrunn-apotheke.at\/katalog\/wp-json\/wp\/v2\/media?parent=55571"}],"wp:term":[{"taxonomy":"product_brand","embeddable":true,"href":"https:\/\/www.ernstbrunn-apotheke.at\/katalog\/wp-json\/wp\/v2\/product_brand?post=55571"},{"taxonomy":"product_cat","embeddable":true,"href":"https:\/\/www.ernstbrunn-apotheke.at\/katalog\/wp-json\/wp\/v2\/product_cat?post=55571"},{"taxonomy":"product_tag","embeddable":true,"href":"https:\/\/www.ernstbrunn-apotheke.at\/katalog\/wp-json\/wp\/v2\/product_tag?post=55571"}],"curies":[{"name":"wp","href":"https:\/\/api.w.org\/{rel}","templated":true}]}}