{"id":55536,"date":"2025-11-10T20:31:15","date_gmt":"2025-11-10T19:31:15","guid":{"rendered":"https:\/\/www.ernstbrunn-apotheke.at\/katalog\/produkt\/vitamin-d-kapseln-ncm-100-stk\/"},"modified":"2025-12-08T16:59:23","modified_gmt":"2025-12-08T15:59:23","slug":"vitamin-d-kapseln-ncm-100-stk","status":"publish","type":"product","link":"https:\/\/www.ernstbrunn-apotheke.at\/katalog\/produkt\/vitamin-d-kapseln-ncm-100-stk\/","title":{"rendered":"Vitamin D Kapseln NCM 100 Stk."},"content":{"rendered":"<p>NCM Nahrungserg\u00e4nzung Naturcosmetic bietet eine Vielzahl an nat\u00fcrlichen Pflegeprodukten und Nahrungserg\u00e4nzungsmitteln. Alle Produkte aus nat\u00fcrlichen Quellen<\/p>\n","protected":false},"excerpt":{"rendered":"<p>NCM Nahrungserg\u00e4nzung Naturcosmetic bietet eine Vielzahl an nat\u00fcrlichen Pflegeprodukten und Nahrungserg\u00e4nzungsmitteln. Alle Produkte aus nat\u00fcrlichen Quellen<\/p>\n","protected":false},"featured_media":55538,"template":"","meta":{"_acf_changed":false},"product_brand":[],"product_cat":[799],"product_tag":[],"class_list":{"0":"post-55536","1":"product","2":"type-product","3":"status-publish","4":"has-post-thumbnail","6":"product_cat-v","7":"pa_packungsgroesse-100-stueck","9":"first","10":"instock","11":"shipping-taxable","12":"purchasable","13":"product-type-simple"},"acf":[],"_links":{"self":[{"href":"https:\/\/www.ernstbrunn-apotheke.at\/katalog\/wp-json\/wp\/v2\/product\/55536","targetHints":{"allow":["GET"]}}],"collection":[{"href":"https:\/\/www.ernstbrunn-apotheke.at\/katalog\/wp-json\/wp\/v2\/product"}],"about":[{"href":"https:\/\/www.ernstbrunn-apotheke.at\/katalog\/wp-json\/wp\/v2\/types\/product"}],"wp:featuredmedia":[{"embeddable":true,"href":"https:\/\/www.ernstbrunn-apotheke.at\/katalog\/wp-json\/wp\/v2\/media\/55538"}],"wp:attachment":[{"href":"https:\/\/www.ernstbrunn-apotheke.at\/katalog\/wp-json\/wp\/v2\/media?parent=55536"}],"wp:term":[{"taxonomy":"product_brand","embeddable":true,"href":"https:\/\/www.ernstbrunn-apotheke.at\/katalog\/wp-json\/wp\/v2\/product_brand?post=55536"},{"taxonomy":"product_cat","embeddable":true,"href":"https:\/\/www.ernstbrunn-apotheke.at\/katalog\/wp-json\/wp\/v2\/product_cat?post=55536"},{"taxonomy":"product_tag","embeddable":true,"href":"https:\/\/www.ernstbrunn-apotheke.at\/katalog\/wp-json\/wp\/v2\/product_tag?post=55536"}],"curies":[{"name":"wp","href":"https:\/\/api.w.org\/{rel}","templated":true}]}}