{"id":55494,"date":"2025-11-10T20:30:39","date_gmt":"2025-11-10T19:30:39","guid":{"rendered":"https:\/\/www.ernstbrunn-apotheke.at\/katalog\/produkt\/life-light-enachi-nadh-lutschtabletten-10-mg-80-stk\/"},"modified":"2025-12-08T16:59:15","modified_gmt":"2025-12-08T15:59:15","slug":"life-light-enachi-nadh-lutschtabletten-10-mg-80-stk","status":"publish","type":"product","link":"https:\/\/www.ernstbrunn-apotheke.at\/katalog\/produkt\/life-light-enachi-nadh-lutschtabletten-10-mg-80-stk\/","title":{"rendered":"Life Light Enachi NADH Lutschtabletten 10 mg 80 Stk."},"content":{"rendered":"<p>Life Light Enachi NADH Lutschtabletten sind ist wichtig f\u00fcr die Energieproduktion und die Immunabwehr des K\u00f6rpers. NADH ist ma\u00dfgeblich an der Energieproduktion von Zellen beteiligt. Besonders hoch ist die NADH-Konzentration in Organen, die H\u00f6chstleistungen erbringen m\u00fcssen. Dazu z\u00e4hlen etwas Gehirn, Herz und Muskulatur.<\/p>\n","protected":false},"excerpt":{"rendered":"<p>Life Light Enachi NADH Lutschtabletten sind ist wichtig f\u00fcr die Energieproduktion und die Immunabwehr des K\u00f6rpers. NADH ist ma\u00dfgeblich an der Energieproduktion von Zellen beteiligt. Besonders hoch ist die NADH-Konzentration in Organen, die H\u00f6chstleistungen erbringen m\u00fcssen. Dazu z\u00e4hlen etwas Gehirn, Herz und Muskulatur.<\/p>\n","protected":false},"featured_media":55496,"template":"","meta":{"_acf_changed":false},"product_brand":[],"product_cat":[795],"product_tag":[],"class_list":{"0":"post-55494","1":"product","2":"type-product","3":"status-publish","4":"has-post-thumbnail","6":"product_cat-l","7":"pa_packungsgroesse-80-stueck","9":"first","10":"instock","11":"shipping-taxable","12":"purchasable","13":"product-type-simple"},"acf":[],"_links":{"self":[{"href":"https:\/\/www.ernstbrunn-apotheke.at\/katalog\/wp-json\/wp\/v2\/product\/55494","targetHints":{"allow":["GET"]}}],"collection":[{"href":"https:\/\/www.ernstbrunn-apotheke.at\/katalog\/wp-json\/wp\/v2\/product"}],"about":[{"href":"https:\/\/www.ernstbrunn-apotheke.at\/katalog\/wp-json\/wp\/v2\/types\/product"}],"wp:featuredmedia":[{"embeddable":true,"href":"https:\/\/www.ernstbrunn-apotheke.at\/katalog\/wp-json\/wp\/v2\/media\/55496"}],"wp:attachment":[{"href":"https:\/\/www.ernstbrunn-apotheke.at\/katalog\/wp-json\/wp\/v2\/media?parent=55494"}],"wp:term":[{"taxonomy":"product_brand","embeddable":true,"href":"https:\/\/www.ernstbrunn-apotheke.at\/katalog\/wp-json\/wp\/v2\/product_brand?post=55494"},{"taxonomy":"product_cat","embeddable":true,"href":"https:\/\/www.ernstbrunn-apotheke.at\/katalog\/wp-json\/wp\/v2\/product_cat?post=55494"},{"taxonomy":"product_tag","embeddable":true,"href":"https:\/\/www.ernstbrunn-apotheke.at\/katalog\/wp-json\/wp\/v2\/product_tag?post=55494"}],"curies":[{"name":"wp","href":"https:\/\/api.w.org\/{rel}","templated":true}]}}