{"id":55434,"date":"2025-11-10T20:29:38","date_gmt":"2025-11-10T19:29:38","guid":{"rendered":"https:\/\/www.ernstbrunn-apotheke.at\/katalog\/produkt\/thorne-research-iron-bisglycerine-kapseln-60-stk\/"},"modified":"2025-12-08T16:58:59","modified_gmt":"2025-12-08T15:58:59","slug":"thorne-research-iron-bisglycerine-kapseln-60-stk","status":"publish","type":"product","link":"https:\/\/www.ernstbrunn-apotheke.at\/katalog\/produkt\/thorne-research-iron-bisglycerine-kapseln-60-stk\/","title":{"rendered":"Thorne Research Iron Bisglycerine Kapseln 60 Stk."},"content":{"rendered":"<p>Thorne Research Iron Bisglycerine Kapseln bieten ein gut vertr\u00e4gliches Eisensupplement. Die gute Bioverf\u00fcgbarkeit dieses aminos\u00e4uregebundenen Spurenelements wurde eingehend erforscht. Diese Verbindung bietet eine gute Resorption ohne zu verstopfen. Eisen tr\u00e4gt zur normalen Bildung der roten Blutzellen und des H\u00e4moglobins bei. Es tr\u00e4gt zum normalen Sauerstofftransport, normalen Energiestoffwechsel und normaler kognitiver Funktion bei.<\/p>\n","protected":false},"excerpt":{"rendered":"<p>Thorne Research Iron Bisglycerine Kapseln bieten ein gut vertr\u00e4gliches Eisensupplement. Die gute Bioverf\u00fcgbarkeit dieses aminos\u00e4uregebundenen Spurenelements wurde eingehend erforscht. Diese Verbindung bietet eine gute Resorption ohne zu verstopfen. Eisen tr\u00e4gt zur normalen Bildung der roten Blutzellen und des H\u00e4moglobins bei. Es tr\u00e4gt zum normalen Sauerstofftransport, normalen Energiestoffwechsel und normaler kognitiver Funktion bei.<\/p>\n","protected":false},"featured_media":55436,"template":"","meta":{"_acf_changed":false},"product_brand":[],"product_cat":[798],"product_tag":[],"class_list":{"0":"post-55434","1":"product","2":"type-product","3":"status-publish","4":"has-post-thumbnail","6":"product_cat-t","7":"pa_packungsgroesse-60-stueck","9":"first","10":"instock","11":"shipping-taxable","12":"purchasable","13":"product-type-simple"},"acf":[],"_links":{"self":[{"href":"https:\/\/www.ernstbrunn-apotheke.at\/katalog\/wp-json\/wp\/v2\/product\/55434","targetHints":{"allow":["GET"]}}],"collection":[{"href":"https:\/\/www.ernstbrunn-apotheke.at\/katalog\/wp-json\/wp\/v2\/product"}],"about":[{"href":"https:\/\/www.ernstbrunn-apotheke.at\/katalog\/wp-json\/wp\/v2\/types\/product"}],"wp:featuredmedia":[{"embeddable":true,"href":"https:\/\/www.ernstbrunn-apotheke.at\/katalog\/wp-json\/wp\/v2\/media\/55436"}],"wp:attachment":[{"href":"https:\/\/www.ernstbrunn-apotheke.at\/katalog\/wp-json\/wp\/v2\/media?parent=55434"}],"wp:term":[{"taxonomy":"product_brand","embeddable":true,"href":"https:\/\/www.ernstbrunn-apotheke.at\/katalog\/wp-json\/wp\/v2\/product_brand?post=55434"},{"taxonomy":"product_cat","embeddable":true,"href":"https:\/\/www.ernstbrunn-apotheke.at\/katalog\/wp-json\/wp\/v2\/product_cat?post=55434"},{"taxonomy":"product_tag","embeddable":true,"href":"https:\/\/www.ernstbrunn-apotheke.at\/katalog\/wp-json\/wp\/v2\/product_tag?post=55434"}],"curies":[{"name":"wp","href":"https:\/\/api.w.org\/{rel}","templated":true}]}}