{"id":55346,"date":"2025-11-10T20:27:55","date_gmt":"2025-11-10T19:27:55","guid":{"rendered":"https:\/\/www.ernstbrunn-apotheke.at\/katalog\/produkt\/aktivator-komplex-tabletten-30-stk\/"},"modified":"2025-12-08T16:58:40","modified_gmt":"2025-12-08T15:58:40","slug":"aktivator-komplex-tabletten-30-stk","status":"publish","type":"product","link":"https:\/\/www.ernstbrunn-apotheke.at\/katalog\/produkt\/aktivator-komplex-tabletten-30-stk\/","title":{"rendered":"Aktivator Komplex Tabletten 30 Stk."},"content":{"rendered":"<p>Aktivator Komplex Tabletten unterst\u00fctzen Sie dabei, Ihre vitale und mentale Leistungsf\u00e4higkeit zu erhalten. Sie enthalten hochreine standardisierte Heidelbeer-, Guarana-, Ginkgo-Biloba- und Acai-Extrakte. Guarana wirkt auf den K\u00f6rper stimulierend und vitalisierend. Ginkgo-Biloba erh\u00f6ht die Durchblutung der Muskulatur und des Gehirns, welches eine Steigerung der geistigen und k\u00f6rperlichen Leistung unterst\u00fctzt.<\/p>\n","protected":false},"excerpt":{"rendered":"<p>Aktivator Komplex Tabletten unterst\u00fctzen Sie dabei, Ihre vitale und mentale Leistungsf\u00e4higkeit zu erhalten. Sie enthalten hochreine standardisierte Heidelbeer-, Guarana-, Ginkgo-Biloba- und Acai-Extrakte. Guarana wirkt auf den K\u00f6rper stimulierend und vitalisierend. Ginkgo-Biloba erh\u00f6ht die Durchblutung der Muskulatur und des Gehirns, welches eine Steigerung der geistigen und k\u00f6rperlichen Leistung unterst\u00fctzt.<\/p>\n","protected":false},"featured_media":55348,"template":"","meta":{"_acf_changed":false},"product_brand":[],"product_cat":[801],"product_tag":[],"class_list":{"0":"post-55346","1":"product","2":"type-product","3":"status-publish","4":"has-post-thumbnail","6":"product_cat-a","7":"pa_farbe-braun-dunkel-lila","8":"pa_packungsgroesse-30-stueck","10":"first","11":"instock","12":"shipping-taxable","13":"purchasable","14":"product-type-simple"},"acf":[],"_links":{"self":[{"href":"https:\/\/www.ernstbrunn-apotheke.at\/katalog\/wp-json\/wp\/v2\/product\/55346","targetHints":{"allow":["GET"]}}],"collection":[{"href":"https:\/\/www.ernstbrunn-apotheke.at\/katalog\/wp-json\/wp\/v2\/product"}],"about":[{"href":"https:\/\/www.ernstbrunn-apotheke.at\/katalog\/wp-json\/wp\/v2\/types\/product"}],"wp:featuredmedia":[{"embeddable":true,"href":"https:\/\/www.ernstbrunn-apotheke.at\/katalog\/wp-json\/wp\/v2\/media\/55348"}],"wp:attachment":[{"href":"https:\/\/www.ernstbrunn-apotheke.at\/katalog\/wp-json\/wp\/v2\/media?parent=55346"}],"wp:term":[{"taxonomy":"product_brand","embeddable":true,"href":"https:\/\/www.ernstbrunn-apotheke.at\/katalog\/wp-json\/wp\/v2\/product_brand?post=55346"},{"taxonomy":"product_cat","embeddable":true,"href":"https:\/\/www.ernstbrunn-apotheke.at\/katalog\/wp-json\/wp\/v2\/product_cat?post=55346"},{"taxonomy":"product_tag","embeddable":true,"href":"https:\/\/www.ernstbrunn-apotheke.at\/katalog\/wp-json\/wp\/v2\/product_tag?post=55346"}],"curies":[{"name":"wp","href":"https:\/\/api.w.org\/{rel}","templated":true}]}}