{"id":55327,"date":"2025-11-10T20:27:55","date_gmt":"2025-11-10T19:27:55","guid":{"rendered":"https:\/\/www.ernstbrunn-apotheke.at\/katalog\/produkt\/life-light-kapseln-detox-plus-90-stk\/"},"modified":"2025-12-08T16:58:36","modified_gmt":"2025-12-08T15:58:36","slug":"life-light-kapseln-detox-plus-90-stk","status":"publish","type":"product","link":"https:\/\/www.ernstbrunn-apotheke.at\/katalog\/produkt\/life-light-kapseln-detox-plus-90-stk\/","title":{"rendered":"Life Light Kapseln Detox Plus 90 Stk."},"content":{"rendered":"<p>Life Light Kapseln Detox Plus sind ein orthomolekularer Wirkstoffkomplex mit Biotin und Zink. Das Pr\u00e4parat kann, regelm\u00e4\u00dfig genommen, das pers\u00f6nliche Wohlbefinden unterst\u00fctzen. Dar\u00fcber hinaus tr\u00e4gt es zur Erhaltung normaler Haut, Schleimh\u00e4ute und Haare bei. Au\u00dferdem ist es wichtig f\u00fcr eine normale psychische Funktion, einen normalen Stoffwechsel und einen normalen Energiestoffwechsel.<\/p>\n","protected":false},"excerpt":{"rendered":"<p>Life Light Kapseln Detox Plus sind ein orthomolekularer Wirkstoffkomplex mit Biotin und Zink. Das Pr\u00e4parat kann, regelm\u00e4\u00dfig genommen, das pers\u00f6nliche Wohlbefinden unterst\u00fctzen. Dar\u00fcber hinaus tr\u00e4gt es zur Erhaltung normaler Haut, Schleimh\u00e4ute und Haare bei. Au\u00dferdem ist es wichtig f\u00fcr eine normale psychische Funktion, einen normalen Stoffwechsel und einen normalen Energiestoffwechsel.<\/p>\n","protected":false},"featured_media":55329,"template":"","meta":{"_acf_changed":false},"product_brand":[],"product_cat":[795],"product_tag":[],"class_list":{"0":"post-55327","1":"product","2":"type-product","3":"status-publish","4":"has-post-thumbnail","6":"product_cat-l","7":"pa_packungsgroesse-90-stueck","9":"first","10":"instock","11":"shipping-taxable","12":"purchasable","13":"product-type-simple"},"acf":[],"_links":{"self":[{"href":"https:\/\/www.ernstbrunn-apotheke.at\/katalog\/wp-json\/wp\/v2\/product\/55327","targetHints":{"allow":["GET"]}}],"collection":[{"href":"https:\/\/www.ernstbrunn-apotheke.at\/katalog\/wp-json\/wp\/v2\/product"}],"about":[{"href":"https:\/\/www.ernstbrunn-apotheke.at\/katalog\/wp-json\/wp\/v2\/types\/product"}],"wp:featuredmedia":[{"embeddable":true,"href":"https:\/\/www.ernstbrunn-apotheke.at\/katalog\/wp-json\/wp\/v2\/media\/55329"}],"wp:attachment":[{"href":"https:\/\/www.ernstbrunn-apotheke.at\/katalog\/wp-json\/wp\/v2\/media?parent=55327"}],"wp:term":[{"taxonomy":"product_brand","embeddable":true,"href":"https:\/\/www.ernstbrunn-apotheke.at\/katalog\/wp-json\/wp\/v2\/product_brand?post=55327"},{"taxonomy":"product_cat","embeddable":true,"href":"https:\/\/www.ernstbrunn-apotheke.at\/katalog\/wp-json\/wp\/v2\/product_cat?post=55327"},{"taxonomy":"product_tag","embeddable":true,"href":"https:\/\/www.ernstbrunn-apotheke.at\/katalog\/wp-json\/wp\/v2\/product_tag?post=55327"}],"curies":[{"name":"wp","href":"https:\/\/api.w.org\/{rel}","templated":true}]}}