{"id":55282,"date":"2025-11-10T20:26:34","date_gmt":"2025-11-10T19:26:34","guid":{"rendered":"https:\/\/www.ernstbrunn-apotheke.at\/katalog\/produkt\/eisen-chelat-14mg-plus-vitamin-c-kapseln\/"},"modified":"2025-12-08T16:58:27","modified_gmt":"2025-12-08T15:58:27","slug":"eisen-chelat-14mg-plus-vitamin-c-kapseln","status":"publish","type":"product","link":"https:\/\/www.ernstbrunn-apotheke.at\/katalog\/produkt\/eisen-chelat-14mg-plus-vitamin-c-kapseln\/","title":{"rendered":"Eisen Chelat 14mg plus Vitamin C Kapseln"},"content":{"rendered":"<p>Gall Pharma Eisen Chelat 14 mg + Vitamine Kapseln 90 Stk. enthalten 14 mg Eisen in Form von Eisenbisglycinat und Acerola Fruchtpulver in einer Cellulosekapsel. Die besonders gut bioverf\u00fcgbare Eisenquelle (Eisenbisgycinat) und das nat\u00fcrliche Vitamin C aus der Acerolakirsche sind eine ideale Kombination um einen Eisenmangel auszugleichen. Eine Nahrungserg\u00e4nzung mit Eisen kann vor allem bei unausgewogener oder rein vegetarischer Ern\u00e4hrung, f\u00fcr Frauen mit starker Monatsblutung oder w\u00e4hrend der Schwangerschaft und Stillzeit, bei h\u00e4ufigem Blutspenden und f\u00fcr \u00e4ltere Menschen sinnvoll sein<\/p>\n","protected":false},"excerpt":{"rendered":"<p>Gall Pharma Eisen Chelat 14 mg + Vitamine Kapseln 90 Stk. enthalten 14 mg Eisen in Form von Eisenbisglycinat und Acerola Fruchtpulver in einer Cellulosekapsel. Die besonders gut bioverf\u00fcgbare Eisenquelle (Eisenbisgycinat) und das nat\u00fcrliche Vitamin C aus der Acerolakirsche sind eine ideale Kombination um einen Eisenmangel auszugleichen. Eine Nahrungserg\u00e4nzung mit Eisen kann vor allem bei [&hellip;]<\/p>\n","protected":false},"featured_media":55284,"template":"","meta":{"_acf_changed":false},"product_brand":[371],"product_cat":[794],"product_tag":[],"class_list":{"0":"post-55282","1":"product","2":"type-product","3":"status-publish","4":"has-post-thumbnail","6":"product_brand-gall-pharma","7":"product_cat-e","8":"pa_packungsgroesse-90-stueck","10":"first","11":"instock","12":"shipping-taxable","13":"purchasable","14":"product-type-simple"},"acf":[],"_links":{"self":[{"href":"https:\/\/www.ernstbrunn-apotheke.at\/katalog\/wp-json\/wp\/v2\/product\/55282","targetHints":{"allow":["GET"]}}],"collection":[{"href":"https:\/\/www.ernstbrunn-apotheke.at\/katalog\/wp-json\/wp\/v2\/product"}],"about":[{"href":"https:\/\/www.ernstbrunn-apotheke.at\/katalog\/wp-json\/wp\/v2\/types\/product"}],"wp:featuredmedia":[{"embeddable":true,"href":"https:\/\/www.ernstbrunn-apotheke.at\/katalog\/wp-json\/wp\/v2\/media\/55284"}],"wp:attachment":[{"href":"https:\/\/www.ernstbrunn-apotheke.at\/katalog\/wp-json\/wp\/v2\/media?parent=55282"}],"wp:term":[{"taxonomy":"product_brand","embeddable":true,"href":"https:\/\/www.ernstbrunn-apotheke.at\/katalog\/wp-json\/wp\/v2\/product_brand?post=55282"},{"taxonomy":"product_cat","embeddable":true,"href":"https:\/\/www.ernstbrunn-apotheke.at\/katalog\/wp-json\/wp\/v2\/product_cat?post=55282"},{"taxonomy":"product_tag","embeddable":true,"href":"https:\/\/www.ernstbrunn-apotheke.at\/katalog\/wp-json\/wp\/v2\/product_tag?post=55282"}],"curies":[{"name":"wp","href":"https:\/\/api.w.org\/{rel}","templated":true}]}}