{"id":55147,"date":"2025-11-10T20:24:25","date_gmt":"2025-11-10T19:24:25","guid":{"rendered":"https:\/\/www.ernstbrunn-apotheke.at\/katalog\/produkt\/the-nutri-store-magnesium-400-mg-kapseln-120-stk\/"},"modified":"2025-12-08T16:58:01","modified_gmt":"2025-12-08T15:58:01","slug":"the-nutri-store-magnesium-400-mg-kapseln-120-stk","status":"publish","type":"product","link":"https:\/\/www.ernstbrunn-apotheke.at\/katalog\/produkt\/the-nutri-store-magnesium-400-mg-kapseln-120-stk\/","title":{"rendered":"The Nutri Store Magnesium 400 mg Kapseln 120 Stk."},"content":{"rendered":"<p>The Nutri Store Magnesium 400 mg Kapseln enthalten 670 mg Magnesiumoxid, entsprechend 400 mg reinem Magnesium. Eine t\u00e4gliche Nahrungserg\u00e4nzung mit Magnesium 400 mg Kapseln kann die ausreichende Versorgung Ihres K\u00f6rpers mit diesem essentiellen Mineralstoff sicherstellen.<\/p>\n","protected":false},"excerpt":{"rendered":"<p>The Nutri Store Magnesium 400 mg Kapseln enthalten 670 mg Magnesiumoxid, entsprechend 400 mg reinem Magnesium. Eine t\u00e4gliche Nahrungserg\u00e4nzung mit Magnesium 400 mg Kapseln kann die ausreichende Versorgung Ihres K\u00f6rpers mit diesem essentiellen Mineralstoff sicherstellen.<\/p>\n","protected":false},"featured_media":55149,"template":"","meta":{"_acf_changed":false},"product_brand":[],"product_cat":[798],"product_tag":[],"class_list":{"0":"post-55147","1":"product","2":"type-product","3":"status-publish","4":"has-post-thumbnail","6":"product_cat-t","7":"pa_packungsgroesse-120-stueck","9":"first","10":"instock","11":"shipping-taxable","12":"purchasable","13":"product-type-simple"},"acf":[],"_links":{"self":[{"href":"https:\/\/www.ernstbrunn-apotheke.at\/katalog\/wp-json\/wp\/v2\/product\/55147","targetHints":{"allow":["GET"]}}],"collection":[{"href":"https:\/\/www.ernstbrunn-apotheke.at\/katalog\/wp-json\/wp\/v2\/product"}],"about":[{"href":"https:\/\/www.ernstbrunn-apotheke.at\/katalog\/wp-json\/wp\/v2\/types\/product"}],"wp:featuredmedia":[{"embeddable":true,"href":"https:\/\/www.ernstbrunn-apotheke.at\/katalog\/wp-json\/wp\/v2\/media\/55149"}],"wp:attachment":[{"href":"https:\/\/www.ernstbrunn-apotheke.at\/katalog\/wp-json\/wp\/v2\/media?parent=55147"}],"wp:term":[{"taxonomy":"product_brand","embeddable":true,"href":"https:\/\/www.ernstbrunn-apotheke.at\/katalog\/wp-json\/wp\/v2\/product_brand?post=55147"},{"taxonomy":"product_cat","embeddable":true,"href":"https:\/\/www.ernstbrunn-apotheke.at\/katalog\/wp-json\/wp\/v2\/product_cat?post=55147"},{"taxonomy":"product_tag","embeddable":true,"href":"https:\/\/www.ernstbrunn-apotheke.at\/katalog\/wp-json\/wp\/v2\/product_tag?post=55147"}],"curies":[{"name":"wp","href":"https:\/\/api.w.org\/{rel}","templated":true}]}}