{"id":55053,"date":"2025-11-10T20:22:31","date_gmt":"2025-11-10T19:22:31","guid":{"rendered":"https:\/\/www.ernstbrunn-apotheke.at\/katalog\/produkt\/bios-guarana-500-mg-kapseln\/"},"modified":"2025-12-08T16:57:44","modified_gmt":"2025-12-08T15:57:44","slug":"bios-guarana-500-mg-kapseln","status":"publish","type":"product","link":"https:\/\/www.ernstbrunn-apotheke.at\/katalog\/produkt\/bios-guarana-500-mg-kapseln\/","title":{"rendered":"Bios Guarana 500 mg Kapseln"},"content":{"rendered":"<p>Bios Guarana 500 mg Kapseln enthalten 500 mg Guarana Extrakt in einer Hartgelatinekapsel. Die Stammpflanze der Guaranapflanze, ein Kletterstrauch, rankt an gro\u00dfen B\u00e4umen des Amazonas Regenwaldes empor. Die etwa haselnussgro\u00dfen Fr\u00fcchte enthalten einen Samen. Dieser wird vermahlen und liefert das Guaranapulver. Das Naturprodukt ist reich an Coffein.<\/p>\n","protected":false},"excerpt":{"rendered":"<p>Bios Guarana 500 mg Kapseln enthalten 500 mg Guarana Extrakt in einer Hartgelatinekapsel. Die Stammpflanze der Guaranapflanze, ein Kletterstrauch, rankt an gro\u00dfen B\u00e4umen des Amazonas Regenwaldes empor. Die etwa haselnussgro\u00dfen Fr\u00fcchte enthalten einen Samen. Dieser wird vermahlen und liefert das Guaranapulver. Das Naturprodukt ist reich an Coffein.<\/p>\n","protected":false},"featured_media":55055,"template":"","meta":{"_acf_changed":false},"product_brand":[],"product_cat":[802],"product_tag":[],"class_list":{"0":"post-55053","1":"product","2":"type-product","3":"status-publish","4":"has-post-thumbnail","6":"product_cat-b","7":"pa_packungsgroesse-100-stueck","9":"first","10":"instock","11":"shipping-taxable","12":"purchasable","13":"product-type-simple"},"acf":[],"_links":{"self":[{"href":"https:\/\/www.ernstbrunn-apotheke.at\/katalog\/wp-json\/wp\/v2\/product\/55053","targetHints":{"allow":["GET"]}}],"collection":[{"href":"https:\/\/www.ernstbrunn-apotheke.at\/katalog\/wp-json\/wp\/v2\/product"}],"about":[{"href":"https:\/\/www.ernstbrunn-apotheke.at\/katalog\/wp-json\/wp\/v2\/types\/product"}],"wp:featuredmedia":[{"embeddable":true,"href":"https:\/\/www.ernstbrunn-apotheke.at\/katalog\/wp-json\/wp\/v2\/media\/55055"}],"wp:attachment":[{"href":"https:\/\/www.ernstbrunn-apotheke.at\/katalog\/wp-json\/wp\/v2\/media?parent=55053"}],"wp:term":[{"taxonomy":"product_brand","embeddable":true,"href":"https:\/\/www.ernstbrunn-apotheke.at\/katalog\/wp-json\/wp\/v2\/product_brand?post=55053"},{"taxonomy":"product_cat","embeddable":true,"href":"https:\/\/www.ernstbrunn-apotheke.at\/katalog\/wp-json\/wp\/v2\/product_cat?post=55053"},{"taxonomy":"product_tag","embeddable":true,"href":"https:\/\/www.ernstbrunn-apotheke.at\/katalog\/wp-json\/wp\/v2\/product_tag?post=55053"}],"curies":[{"name":"wp","href":"https:\/\/api.w.org\/{rel}","templated":true}]}}