{"id":54960,"date":"2025-11-10T20:20:47","date_gmt":"2025-11-10T19:20:47","guid":{"rendered":"https:\/\/www.ernstbrunn-apotheke.at\/katalog\/produkt\/sinoplasan-vitamin-k2-forte-oel\/"},"modified":"2025-12-08T16:57:27","modified_gmt":"2025-12-08T15:57:27","slug":"sinoplasan-vitamin-k2-forte-oel","status":"publish","type":"product","link":"https:\/\/www.ernstbrunn-apotheke.at\/katalog\/produkt\/sinoplasan-vitamin-k2-forte-oel\/","title":{"rendered":"Sinoplasan Vitamin K2 FORTE \u00d6l"},"content":{"rendered":"<div>all-trans 20 \u00b5g<\/div>\n<div>lactose-, fructose-, alkohol- und glutenfrei, GMO-frei<br \/>\u00fcber 1300 Tropfen zu je 20 \u00b5g \u2259 26000 \u00b5g Vitamin K2<br \/>1 Tagesdosis (4 Tropfen) \u2259 80 \u00b5g \u2259 106 % der empfohlenen Tagesdosis<br \/>\u00fcber 1300 Tropfen zu je 20 \u00b5g \u2259 26000 \u00b5g Vitamin K2<br \/>Wichtig f\u00fcr feste, stabile Knochen.<br \/>Tr\u00e4gt zu einer besseren Mineralisierung der Knochen bei.<br \/>Tr\u00e4gt zu einem normalen Calciumeinbau in den Knochen bei.<br \/>Tr\u00e4gt zu einer normalen Blutgerinnung bei.<\/div>\n","protected":false},"excerpt":{"rendered":"<p>all-trans 20 \u00b5g lactose-, fructose-, alkohol- und glutenfrei, GMO-frei\u00fcber 1300 Tropfen zu je 20 \u00b5g \u2259 26000 \u00b5g Vitamin K21 Tagesdosis (4 Tropfen) \u2259 80 \u00b5g \u2259 106 % der empfohlenen Tagesdosis\u00fcber 1300 Tropfen zu je 20 \u00b5g \u2259 26000 \u00b5g Vitamin K2Wichtig f\u00fcr feste, stabile Knochen.Tr\u00e4gt zu einer besseren Mineralisierung der Knochen bei.Tr\u00e4gt zu [&hellip;]<\/p>\n","protected":false},"featured_media":54962,"template":"","meta":{"_acf_changed":false},"product_brand":[],"product_cat":[791],"product_tag":[],"class_list":{"0":"post-54960","1":"product","2":"type-product","3":"status-publish","4":"has-post-thumbnail","6":"product_cat-s","7":"pa_farbe-farblos","8":"pa_geschmack-neutral","9":"pa_packungsgroesse-50ml","11":"first","12":"instock","13":"shipping-taxable","14":"purchasable","15":"product-type-simple"},"acf":[],"_links":{"self":[{"href":"https:\/\/www.ernstbrunn-apotheke.at\/katalog\/wp-json\/wp\/v2\/product\/54960","targetHints":{"allow":["GET"]}}],"collection":[{"href":"https:\/\/www.ernstbrunn-apotheke.at\/katalog\/wp-json\/wp\/v2\/product"}],"about":[{"href":"https:\/\/www.ernstbrunn-apotheke.at\/katalog\/wp-json\/wp\/v2\/types\/product"}],"wp:featuredmedia":[{"embeddable":true,"href":"https:\/\/www.ernstbrunn-apotheke.at\/katalog\/wp-json\/wp\/v2\/media\/54962"}],"wp:attachment":[{"href":"https:\/\/www.ernstbrunn-apotheke.at\/katalog\/wp-json\/wp\/v2\/media?parent=54960"}],"wp:term":[{"taxonomy":"product_brand","embeddable":true,"href":"https:\/\/www.ernstbrunn-apotheke.at\/katalog\/wp-json\/wp\/v2\/product_brand?post=54960"},{"taxonomy":"product_cat","embeddable":true,"href":"https:\/\/www.ernstbrunn-apotheke.at\/katalog\/wp-json\/wp\/v2\/product_cat?post=54960"},{"taxonomy":"product_tag","embeddable":true,"href":"https:\/\/www.ernstbrunn-apotheke.at\/katalog\/wp-json\/wp\/v2\/product_tag?post=54960"}],"curies":[{"name":"wp","href":"https:\/\/api.w.org\/{rel}","templated":true}]}}