{"id":54944,"date":"2025-11-10T20:20:02","date_gmt":"2025-11-10T19:20:02","guid":{"rendered":"https:\/\/www.ernstbrunn-apotheke.at\/katalog\/produkt\/kneipp-magnesiumcalciumd3-brausetabletten-20-stk\/"},"modified":"2025-12-08T16:57:22","modified_gmt":"2025-12-08T15:57:22","slug":"kneipp-magnesiumcalciumd3-brausetabletten-20-stk","status":"publish","type":"product","link":"https:\/\/www.ernstbrunn-apotheke.at\/katalog\/produkt\/kneipp-magnesiumcalciumd3-brausetabletten-20-stk\/","title":{"rendered":"Kneipp Magnesium+Calcium+D3 Brausetabletten 20 Stk."},"content":{"rendered":"<p>Kneipp Magnesium + Calcium + D3 enth\u00e4lt reines Magnesium und Calcium aus nat\u00fcrlichem Mineral.  Magnesium tr\u00e4gt zu einer normalen Funktion der Muskeln und des Nervensystems bei. Calcium wird zur Erhaltung normaler Knochen ben\u00f6tigt  dazu tragen auch Magnesium und Vitamin D3 bei. Vitamin C tr\u00e4gt zu einer normalen Kollagenbildung f\u00fcr eine normale Funktion der Knochen bei.<\/p>\n","protected":false},"excerpt":{"rendered":"<p>Kneipp Magnesium + Calcium + D3 enth\u00e4lt reines Magnesium und Calcium aus nat\u00fcrlichem Mineral. Magnesium tr\u00e4gt zu einer normalen Funktion der Muskeln und des Nervensystems bei. Calcium wird zur Erhaltung normaler Knochen ben\u00f6tigt dazu tragen auch Magnesium und Vitamin D3 bei. Vitamin C tr\u00e4gt zu einer normalen Kollagenbildung f\u00fcr eine normale Funktion der Knochen bei.<\/p>\n","protected":false},"featured_media":54946,"template":"","meta":{"_acf_changed":false},"product_brand":[662],"product_cat":[807],"product_tag":[],"class_list":{"0":"post-54944","1":"product","2":"type-product","3":"status-publish","4":"has-post-thumbnail","6":"product_brand-kneipp","7":"product_cat-k","8":"pa_packungsgroesse-20-stueck","10":"first","11":"instock","12":"shipping-taxable","13":"purchasable","14":"product-type-simple"},"acf":[],"_links":{"self":[{"href":"https:\/\/www.ernstbrunn-apotheke.at\/katalog\/wp-json\/wp\/v2\/product\/54944","targetHints":{"allow":["GET"]}}],"collection":[{"href":"https:\/\/www.ernstbrunn-apotheke.at\/katalog\/wp-json\/wp\/v2\/product"}],"about":[{"href":"https:\/\/www.ernstbrunn-apotheke.at\/katalog\/wp-json\/wp\/v2\/types\/product"}],"wp:featuredmedia":[{"embeddable":true,"href":"https:\/\/www.ernstbrunn-apotheke.at\/katalog\/wp-json\/wp\/v2\/media\/54946"}],"wp:attachment":[{"href":"https:\/\/www.ernstbrunn-apotheke.at\/katalog\/wp-json\/wp\/v2\/media?parent=54944"}],"wp:term":[{"taxonomy":"product_brand","embeddable":true,"href":"https:\/\/www.ernstbrunn-apotheke.at\/katalog\/wp-json\/wp\/v2\/product_brand?post=54944"},{"taxonomy":"product_cat","embeddable":true,"href":"https:\/\/www.ernstbrunn-apotheke.at\/katalog\/wp-json\/wp\/v2\/product_cat?post=54944"},{"taxonomy":"product_tag","embeddable":true,"href":"https:\/\/www.ernstbrunn-apotheke.at\/katalog\/wp-json\/wp\/v2\/product_tag?post=54944"}],"curies":[{"name":"wp","href":"https:\/\/api.w.org\/{rel}","templated":true}]}}