{"id":54924,"date":"2025-11-10T20:20:02","date_gmt":"2025-11-10T19:20:02","guid":{"rendered":"https:\/\/www.ernstbrunn-apotheke.at\/katalog\/produkt\/vitamin-b3-kapseln-15mg\/"},"modified":"2025-12-08T16:57:18","modified_gmt":"2025-12-08T15:57:18","slug":"vitamin-b3-kapseln-15mg","status":"publish","type":"product","link":"https:\/\/www.ernstbrunn-apotheke.at\/katalog\/produkt\/vitamin-b3-kapseln-15mg\/","title":{"rendered":"Vitamin B3 Kapseln 15mg"},"content":{"rendered":"<p>Gall Pharma Vitamin B3 15 mg Kapseln 60 Stk. enthalten 15 mg Nicotins\u00e4ure in einer Hartgelatinekapsel. Niacin hat vielf\u00e4ltige Funktionen im menschlichen K\u00f6rper: es verbessert die Funktionen des Herzens, der Nerven und den Energiestoffwechsel. Gesamt ist Niacin f\u00fcr die Funktion von \u00fcber 200 Enzymen im ganzen K\u00f6rper notwendig. Es spielt eine bedeutende Rolle im antioxidativen System des K\u00f6rpers und in der Aufrechterhaltung der Funktionen von Haut, Muskelgewebe, Nerven- und Verdauungssystem &#8211; als Standortapotheke bieten wir Ihnen 100 % Sicherheit und ausschlie\u00dflich Originalprodukte!<\/p>\n","protected":false},"excerpt":{"rendered":"<p>Gall Pharma Vitamin B3 15 mg Kapseln 60 Stk. enthalten 15 mg Nicotins\u00e4ure in einer Hartgelatinekapsel. Niacin hat vielf\u00e4ltige Funktionen im menschlichen K\u00f6rper: es verbessert die Funktionen des Herzens, der Nerven und den Energiestoffwechsel. Gesamt ist Niacin f\u00fcr die Funktion von \u00fcber 200 Enzymen im ganzen K\u00f6rper notwendig. Es spielt eine bedeutende Rolle im antioxidativen [&hellip;]<\/p>\n","protected":false},"featured_media":54926,"template":"","meta":{"_acf_changed":false},"product_brand":[371],"product_cat":[799],"product_tag":[],"class_list":{"0":"post-54924","1":"product","2":"type-product","3":"status-publish","4":"has-post-thumbnail","6":"product_brand-gall-pharma","7":"product_cat-v","8":"pa_packungsgroesse-60-stueck","10":"first","11":"instock","12":"shipping-taxable","13":"purchasable","14":"product-type-simple"},"acf":[],"_links":{"self":[{"href":"https:\/\/www.ernstbrunn-apotheke.at\/katalog\/wp-json\/wp\/v2\/product\/54924","targetHints":{"allow":["GET"]}}],"collection":[{"href":"https:\/\/www.ernstbrunn-apotheke.at\/katalog\/wp-json\/wp\/v2\/product"}],"about":[{"href":"https:\/\/www.ernstbrunn-apotheke.at\/katalog\/wp-json\/wp\/v2\/types\/product"}],"wp:featuredmedia":[{"embeddable":true,"href":"https:\/\/www.ernstbrunn-apotheke.at\/katalog\/wp-json\/wp\/v2\/media\/54926"}],"wp:attachment":[{"href":"https:\/\/www.ernstbrunn-apotheke.at\/katalog\/wp-json\/wp\/v2\/media?parent=54924"}],"wp:term":[{"taxonomy":"product_brand","embeddable":true,"href":"https:\/\/www.ernstbrunn-apotheke.at\/katalog\/wp-json\/wp\/v2\/product_brand?post=54924"},{"taxonomy":"product_cat","embeddable":true,"href":"https:\/\/www.ernstbrunn-apotheke.at\/katalog\/wp-json\/wp\/v2\/product_cat?post=54924"},{"taxonomy":"product_tag","embeddable":true,"href":"https:\/\/www.ernstbrunn-apotheke.at\/katalog\/wp-json\/wp\/v2\/product_tag?post=54924"}],"curies":[{"name":"wp","href":"https:\/\/api.w.org\/{rel}","templated":true}]}}