{"id":54870,"date":"2025-11-10T20:18:27","date_gmt":"2025-11-10T19:18:27","guid":{"rendered":"https:\/\/www.ernstbrunn-apotheke.at\/katalog\/produkt\/dr-grubers-kalium-chelat-tabletten\/"},"modified":"2025-12-08T16:57:08","modified_gmt":"2025-12-08T15:57:08","slug":"dr-grubers-kalium-chelat-tabletten","status":"publish","type":"product","link":"https:\/\/www.ernstbrunn-apotheke.at\/katalog\/produkt\/dr-grubers-kalium-chelat-tabletten\/","title":{"rendered":"Dr. Grubers Kalium Chelat Tabletten"},"content":{"rendered":"<p class=\"MsoNormal\">Kalium wird ben\u00f6tigt, um Zucker in Glykogen in der Leber undin der Muskelzelle umzuwandeln. Kalium ist zusammen mit Natrium f\u00fcr dennormalen Wasser- und Elektrolythaushalt (Salzhaushalt) des K\u00f6rpersverantwortlich. Wichtig ist es f\u00fcr die Reiz\u00fcbertragung in Muskeln undNervenzellen und tr\u00e4gt zur Aufrechterhaltung eines normalen Blutdrucks undEiwei\u00dfstoffwechsels bei.<\/p>\n<p>Vermehrter Kalium-Bedarf entsteht durch hoheZufuhr von Kochsalz, schwere k\u00f6rperliche Arbeiten, Leistungs- und Hobbysport,bei erh\u00f6hter Ausscheidung (Schwei\u00df, Erbrechen, Urin, Stuhl).<\/p>\n","protected":false},"excerpt":{"rendered":"<p>Kalium wird ben\u00f6tigt, um Zucker in Glykogen in der Leber undin der Muskelzelle umzuwandeln. Kalium ist zusammen mit Natrium f\u00fcr dennormalen Wasser- und Elektrolythaushalt (Salzhaushalt) des K\u00f6rpersverantwortlich. Wichtig ist es f\u00fcr die Reiz\u00fcbertragung in Muskeln undNervenzellen und tr\u00e4gt zur Aufrechterhaltung eines normalen Blutdrucks undEiwei\u00dfstoffwechsels bei. Vermehrter Kalium-Bedarf entsteht durch hoheZufuhr von Kochsalz, schwere k\u00f6rperliche Arbeiten, [&hellip;]<\/p>\n","protected":false},"featured_media":54872,"template":"","meta":{"_acf_changed":false},"product_brand":[],"product_cat":[792],"product_tag":[],"class_list":{"0":"post-54870","1":"product","2":"type-product","3":"status-publish","4":"has-post-thumbnail","6":"product_cat-d","7":"pa_farbe-beige-weiss","8":"pa_geschmack-neutral","9":"pa_packungsgroesse-80-stueck","11":"first","12":"instock","13":"shipping-taxable","14":"purchasable","15":"product-type-simple"},"acf":[],"_links":{"self":[{"href":"https:\/\/www.ernstbrunn-apotheke.at\/katalog\/wp-json\/wp\/v2\/product\/54870","targetHints":{"allow":["GET"]}}],"collection":[{"href":"https:\/\/www.ernstbrunn-apotheke.at\/katalog\/wp-json\/wp\/v2\/product"}],"about":[{"href":"https:\/\/www.ernstbrunn-apotheke.at\/katalog\/wp-json\/wp\/v2\/types\/product"}],"wp:featuredmedia":[{"embeddable":true,"href":"https:\/\/www.ernstbrunn-apotheke.at\/katalog\/wp-json\/wp\/v2\/media\/54872"}],"wp:attachment":[{"href":"https:\/\/www.ernstbrunn-apotheke.at\/katalog\/wp-json\/wp\/v2\/media?parent=54870"}],"wp:term":[{"taxonomy":"product_brand","embeddable":true,"href":"https:\/\/www.ernstbrunn-apotheke.at\/katalog\/wp-json\/wp\/v2\/product_brand?post=54870"},{"taxonomy":"product_cat","embeddable":true,"href":"https:\/\/www.ernstbrunn-apotheke.at\/katalog\/wp-json\/wp\/v2\/product_cat?post=54870"},{"taxonomy":"product_tag","embeddable":true,"href":"https:\/\/www.ernstbrunn-apotheke.at\/katalog\/wp-json\/wp\/v2\/product_tag?post=54870"}],"curies":[{"name":"wp","href":"https:\/\/api.w.org\/{rel}","templated":true}]}}