{"id":54821,"date":"2025-11-10T20:17:46","date_gmt":"2025-11-10T19:17:46","guid":{"rendered":"https:\/\/www.ernstbrunn-apotheke.at\/katalog\/produkt\/kneipp-magnesium-mit-vitamin-b-c-e-brausetabletten\/"},"modified":"2025-12-08T16:57:01","modified_gmt":"2025-12-08T15:57:01","slug":"kneipp-magnesium-mit-vitamin-b-c-e-brausetabletten","status":"publish","type":"product","link":"https:\/\/www.ernstbrunn-apotheke.at\/katalog\/produkt\/kneipp-magnesium-mit-vitamin-b-c-e-brausetabletten\/","title":{"rendered":"Kneipp Magnesium mit Vitamin B + C + E Brausetabletten"},"content":{"rendered":"<p>F\u00fcr Muskeln und Energiestoffwechsel. Magnesium tr\u00e4gt zu einer normalen Muskelfunktion bei. B-Vitamine und Vitamin C tragen zu einem normalen Energiestoffwechsel bei. Vitamin E tr\u00e4gt dazu bei, die Zellen vor dem oxidativem Stress zu sch\u00fctzen. T\u00e4glich 1 Brausetablette in einem Glas Wasser (ca. 200 ml) aufgel\u00f6st trinken..<\/p>\n","protected":false},"excerpt":{"rendered":"<p>F\u00fcr Muskeln und Energiestoffwechsel. Magnesium tr\u00e4gt zu einer normalen Muskelfunktion bei. B-Vitamine und Vitamin C tragen zu einem normalen Energiestoffwechsel bei. Vitamin E tr\u00e4gt dazu bei, die Zellen vor dem oxidativem Stress zu sch\u00fctzen. T\u00e4glich 1 Brausetablette in einem Glas Wasser (ca. 200 ml) aufgel\u00f6st trinken..<\/p>\n","protected":false},"featured_media":54823,"template":"","meta":{"_acf_changed":false},"product_brand":[662],"product_cat":[807],"product_tag":[],"class_list":{"0":"post-54821","1":"product","2":"type-product","3":"status-publish","4":"has-post-thumbnail","6":"product_brand-kneipp","7":"product_cat-k","8":"pa_packungsgroesse-20-stueck","10":"first","11":"instock","12":"shipping-taxable","13":"purchasable","14":"product-type-simple"},"acf":[],"_links":{"self":[{"href":"https:\/\/www.ernstbrunn-apotheke.at\/katalog\/wp-json\/wp\/v2\/product\/54821","targetHints":{"allow":["GET"]}}],"collection":[{"href":"https:\/\/www.ernstbrunn-apotheke.at\/katalog\/wp-json\/wp\/v2\/product"}],"about":[{"href":"https:\/\/www.ernstbrunn-apotheke.at\/katalog\/wp-json\/wp\/v2\/types\/product"}],"wp:featuredmedia":[{"embeddable":true,"href":"https:\/\/www.ernstbrunn-apotheke.at\/katalog\/wp-json\/wp\/v2\/media\/54823"}],"wp:attachment":[{"href":"https:\/\/www.ernstbrunn-apotheke.at\/katalog\/wp-json\/wp\/v2\/media?parent=54821"}],"wp:term":[{"taxonomy":"product_brand","embeddable":true,"href":"https:\/\/www.ernstbrunn-apotheke.at\/katalog\/wp-json\/wp\/v2\/product_brand?post=54821"},{"taxonomy":"product_cat","embeddable":true,"href":"https:\/\/www.ernstbrunn-apotheke.at\/katalog\/wp-json\/wp\/v2\/product_cat?post=54821"},{"taxonomy":"product_tag","embeddable":true,"href":"https:\/\/www.ernstbrunn-apotheke.at\/katalog\/wp-json\/wp\/v2\/product_tag?post=54821"}],"curies":[{"name":"wp","href":"https:\/\/api.w.org\/{rel}","templated":true}]}}