{"id":54817,"date":"2025-11-10T20:17:46","date_gmt":"2025-11-10T19:17:46","guid":{"rendered":"https:\/\/www.ernstbrunn-apotheke.at\/katalog\/produkt\/burgerstein-l-methionin-tabletten-100-stk\/"},"modified":"2025-12-08T16:56:59","modified_gmt":"2025-12-08T15:56:59","slug":"burgerstein-l-methionin-tabletten-100-stk","status":"publish","type":"product","link":"https:\/\/www.ernstbrunn-apotheke.at\/katalog\/produkt\/burgerstein-l-methionin-tabletten-100-stk\/","title":{"rendered":"Burgerstein L-Methionin Tabletten 100 Stk."},"content":{"rendered":"<p>Burgerstein L-Methionin liefert wichtige Aminos\u00e4uren f\u00fcr die Struktur von Haut, Haaren und N\u00e4geln und f\u00f6rdert die Schwermetall-Ausscheidung.<\/p>\n","protected":false},"excerpt":{"rendered":"<p>Burgerstein L-Methionin liefert wichtige Aminos\u00e4uren f\u00fcr die Struktur von Haut, Haaren und N\u00e4geln und f\u00f6rdert die Schwermetall-Ausscheidung.<\/p>\n","protected":false},"featured_media":54819,"template":"","meta":{"_acf_changed":false},"product_brand":[446],"product_cat":[802],"product_tag":[],"class_list":{"0":"post-54817","1":"product","2":"type-product","3":"status-publish","4":"has-post-thumbnail","6":"product_brand-burgerstein","7":"product_cat-b","8":"pa_packungsgroesse-100-stueck","10":"first","11":"instock","12":"shipping-taxable","13":"purchasable","14":"product-type-simple"},"acf":[],"_links":{"self":[{"href":"https:\/\/www.ernstbrunn-apotheke.at\/katalog\/wp-json\/wp\/v2\/product\/54817","targetHints":{"allow":["GET"]}}],"collection":[{"href":"https:\/\/www.ernstbrunn-apotheke.at\/katalog\/wp-json\/wp\/v2\/product"}],"about":[{"href":"https:\/\/www.ernstbrunn-apotheke.at\/katalog\/wp-json\/wp\/v2\/types\/product"}],"wp:featuredmedia":[{"embeddable":true,"href":"https:\/\/www.ernstbrunn-apotheke.at\/katalog\/wp-json\/wp\/v2\/media\/54819"}],"wp:attachment":[{"href":"https:\/\/www.ernstbrunn-apotheke.at\/katalog\/wp-json\/wp\/v2\/media?parent=54817"}],"wp:term":[{"taxonomy":"product_brand","embeddable":true,"href":"https:\/\/www.ernstbrunn-apotheke.at\/katalog\/wp-json\/wp\/v2\/product_brand?post=54817"},{"taxonomy":"product_cat","embeddable":true,"href":"https:\/\/www.ernstbrunn-apotheke.at\/katalog\/wp-json\/wp\/v2\/product_cat?post=54817"},{"taxonomy":"product_tag","embeddable":true,"href":"https:\/\/www.ernstbrunn-apotheke.at\/katalog\/wp-json\/wp\/v2\/product_tag?post=54817"}],"curies":[{"name":"wp","href":"https:\/\/api.w.org\/{rel}","templated":true}]}}