{"id":54784,"date":"2025-11-10T20:16:54","date_gmt":"2025-11-10T19:16:54","guid":{"rendered":"https:\/\/www.ernstbrunn-apotheke.at\/katalog\/produkt\/metacare-selen-kapseln-60-stk\/"},"modified":"2025-12-08T16:56:53","modified_gmt":"2025-12-08T15:56:53","slug":"metacare-selen-kapseln-60-stk","status":"publish","type":"product","link":"https:\/\/www.ernstbrunn-apotheke.at\/katalog\/produkt\/metacare-selen-kapseln-60-stk\/","title":{"rendered":"Metacare Selen Kapseln 60 Stk."},"content":{"rendered":"<p>Metacare Selen Kapseln sch\u00fctzen Zellen vor oxidativem Stress sorgen f\u00fcr eine normale Funktion des Immunsystems. Sie unterst\u00fctzen zudem eine normale Funktion der Schilddr\u00fcse.<\/p>\n","protected":false},"excerpt":{"rendered":"<p>Metacare Selen Kapseln sch\u00fctzen Zellen vor oxidativem Stress sorgen f\u00fcr eine normale Funktion des Immunsystems. Sie unterst\u00fctzen zudem eine normale Funktion der Schilddr\u00fcse.<\/p>\n","protected":false},"featured_media":54786,"template":"","meta":{"_acf_changed":false},"product_brand":[],"product_cat":[800],"product_tag":[],"class_list":{"0":"post-54784","1":"product","2":"type-product","3":"status-publish","4":"has-post-thumbnail","6":"product_cat-m","7":"pa_packungsgroesse-60-stueck","9":"first","10":"instock","11":"shipping-taxable","12":"purchasable","13":"product-type-simple"},"acf":[],"_links":{"self":[{"href":"https:\/\/www.ernstbrunn-apotheke.at\/katalog\/wp-json\/wp\/v2\/product\/54784","targetHints":{"allow":["GET"]}}],"collection":[{"href":"https:\/\/www.ernstbrunn-apotheke.at\/katalog\/wp-json\/wp\/v2\/product"}],"about":[{"href":"https:\/\/www.ernstbrunn-apotheke.at\/katalog\/wp-json\/wp\/v2\/types\/product"}],"wp:featuredmedia":[{"embeddable":true,"href":"https:\/\/www.ernstbrunn-apotheke.at\/katalog\/wp-json\/wp\/v2\/media\/54786"}],"wp:attachment":[{"href":"https:\/\/www.ernstbrunn-apotheke.at\/katalog\/wp-json\/wp\/v2\/media?parent=54784"}],"wp:term":[{"taxonomy":"product_brand","embeddable":true,"href":"https:\/\/www.ernstbrunn-apotheke.at\/katalog\/wp-json\/wp\/v2\/product_brand?post=54784"},{"taxonomy":"product_cat","embeddable":true,"href":"https:\/\/www.ernstbrunn-apotheke.at\/katalog\/wp-json\/wp\/v2\/product_cat?post=54784"},{"taxonomy":"product_tag","embeddable":true,"href":"https:\/\/www.ernstbrunn-apotheke.at\/katalog\/wp-json\/wp\/v2\/product_tag?post=54784"}],"curies":[{"name":"wp","href":"https:\/\/api.w.org\/{rel}","templated":true}]}}