{"id":54532,"date":"2025-11-10T20:11:52","date_gmt":"2025-11-10T19:11:52","guid":{"rendered":"https:\/\/www.ernstbrunn-apotheke.at\/katalog\/produkt\/bios-roter-ginseng-kapseln\/"},"modified":"2025-12-08T16:56:06","modified_gmt":"2025-12-08T15:56:06","slug":"bios-roter-ginseng-kapseln","status":"publish","type":"product","link":"https:\/\/www.ernstbrunn-apotheke.at\/katalog\/produkt\/bios-roter-ginseng-kapseln\/","title":{"rendered":"Bios Roter Ginseng Kapseln"},"content":{"rendered":"<p>Bios Roter Ginseng Kapseln enthalten 90 mg Trockenextrakt aus Ginsengwurzel in einer Weichgelatinekapsel. Die Hauptinhaltsstoffe der Ginsengwurzel sind die zu den Saponinen geh\u00f6renden Ginsenoside. Weiters kommen Fetts\u00e4uren, Enzyme, aminos\u00e4ure\u00e4hnliche Verbindungen, Polyacetylene, Polysaccharide, Vitamine A, B1, B2, C, ein wenig \u00e4therisches \u00d6l, Mineralien und Spurenelemente vor.<\/p>\n","protected":false},"excerpt":{"rendered":"<p>Bios Roter Ginseng Kapseln enthalten 90 mg Trockenextrakt aus Ginsengwurzel in einer Weichgelatinekapsel. Die Hauptinhaltsstoffe der Ginsengwurzel sind die zu den Saponinen geh\u00f6renden Ginsenoside. Weiters kommen Fetts\u00e4uren, Enzyme, aminos\u00e4ure\u00e4hnliche Verbindungen, Polyacetylene, Polysaccharide, Vitamine A, B1, B2, C, ein wenig \u00e4therisches \u00d6l, Mineralien und Spurenelemente vor.<\/p>\n","protected":false},"featured_media":54534,"template":"","meta":{"_acf_changed":false},"product_brand":[],"product_cat":[802],"product_tag":[],"class_list":{"0":"post-54532","1":"product","2":"type-product","3":"status-publish","4":"has-post-thumbnail","6":"product_cat-b","7":"pa_packungsgroesse-100-stueck","9":"first","10":"instock","11":"shipping-taxable","12":"purchasable","13":"product-type-simple"},"acf":[],"_links":{"self":[{"href":"https:\/\/www.ernstbrunn-apotheke.at\/katalog\/wp-json\/wp\/v2\/product\/54532","targetHints":{"allow":["GET"]}}],"collection":[{"href":"https:\/\/www.ernstbrunn-apotheke.at\/katalog\/wp-json\/wp\/v2\/product"}],"about":[{"href":"https:\/\/www.ernstbrunn-apotheke.at\/katalog\/wp-json\/wp\/v2\/types\/product"}],"wp:featuredmedia":[{"embeddable":true,"href":"https:\/\/www.ernstbrunn-apotheke.at\/katalog\/wp-json\/wp\/v2\/media\/54534"}],"wp:attachment":[{"href":"https:\/\/www.ernstbrunn-apotheke.at\/katalog\/wp-json\/wp\/v2\/media?parent=54532"}],"wp:term":[{"taxonomy":"product_brand","embeddable":true,"href":"https:\/\/www.ernstbrunn-apotheke.at\/katalog\/wp-json\/wp\/v2\/product_brand?post=54532"},{"taxonomy":"product_cat","embeddable":true,"href":"https:\/\/www.ernstbrunn-apotheke.at\/katalog\/wp-json\/wp\/v2\/product_cat?post=54532"},{"taxonomy":"product_tag","embeddable":true,"href":"https:\/\/www.ernstbrunn-apotheke.at\/katalog\/wp-json\/wp\/v2\/product_tag?post=54532"}],"curies":[{"name":"wp","href":"https:\/\/api.w.org\/{rel}","templated":true}]}}