{"id":54384,"date":"2025-11-10T20:09:22","date_gmt":"2025-11-10T19:09:22","guid":{"rendered":"https:\/\/www.ernstbrunn-apotheke.at\/katalog\/produkt\/acerola-vitamin-c-pulver\/"},"modified":"2025-12-08T16:55:39","modified_gmt":"2025-12-08T15:55:39","slug":"acerola-vitamin-c-pulver","status":"publish","type":"product","link":"https:\/\/www.ernstbrunn-apotheke.at\/katalog\/produkt\/acerola-vitamin-c-pulver\/","title":{"rendered":"Acerola Vitamin C Pulver"},"content":{"rendered":"<p>Gall Pharma Acerola Vitamin C Pulver 100 g enth\u00e4lt Acerola Fruchtextrakt, das besonders gut geeignet ist um dem K\u00f6rper nat\u00fcrliches Vitamin C zu zuf\u00fchren und um die Kollagenbildung f\u00fcr eine normale Funktion der Knochen, Haut, Zahnfleisch, Blutgef\u00e4\u00dfe und Knorpelfunktion zu unterst\u00fctzen. Vitamin C tr\u00e4gt zum Energiestoffwechsel sowie zur Funktion des Nervensystems und des Immunsystems w\u00e4hrend und nach intensiver k\u00f6rperlicher Bet\u00e4tigung bei. Zudem werden die Zellen vor oxidativem Stress gesch\u00fctzt und zur Verringerung von M\u00fcdigkeit und Erm\u00fcdung und zur Erh\u00f6hung der Eisenaufnahme beigetragen &#8211; als Standortapotheke bieten wir Ihnen 100 % Sicherheit und ausschlie\u00dflich Originalprodukte!<\/p>\n","protected":false},"excerpt":{"rendered":"<p>Gall Pharma Acerola Vitamin C Pulver 100 g enth\u00e4lt Acerola Fruchtextrakt, das besonders gut geeignet ist um dem K\u00f6rper nat\u00fcrliches Vitamin C zu zuf\u00fchren und um die Kollagenbildung f\u00fcr eine normale Funktion der Knochen, Haut, Zahnfleisch, Blutgef\u00e4\u00dfe und Knorpelfunktion zu unterst\u00fctzen. Vitamin C tr\u00e4gt zum Energiestoffwechsel sowie zur Funktion des Nervensystems und des Immunsystems w\u00e4hrend [&hellip;]<\/p>\n","protected":false},"featured_media":54386,"template":"","meta":{"_acf_changed":false},"product_brand":[371],"product_cat":[801],"product_tag":[],"class_list":{"0":"post-54384","1":"product","2":"type-product","3":"status-publish","4":"has-post-thumbnail","6":"product_brand-gall-pharma","7":"product_cat-a","8":"pa_packungsgroesse-100g","10":"first","11":"instock","12":"shipping-taxable","13":"purchasable","14":"product-type-simple"},"acf":[],"_links":{"self":[{"href":"https:\/\/www.ernstbrunn-apotheke.at\/katalog\/wp-json\/wp\/v2\/product\/54384","targetHints":{"allow":["GET"]}}],"collection":[{"href":"https:\/\/www.ernstbrunn-apotheke.at\/katalog\/wp-json\/wp\/v2\/product"}],"about":[{"href":"https:\/\/www.ernstbrunn-apotheke.at\/katalog\/wp-json\/wp\/v2\/types\/product"}],"wp:featuredmedia":[{"embeddable":true,"href":"https:\/\/www.ernstbrunn-apotheke.at\/katalog\/wp-json\/wp\/v2\/media\/54386"}],"wp:attachment":[{"href":"https:\/\/www.ernstbrunn-apotheke.at\/katalog\/wp-json\/wp\/v2\/media?parent=54384"}],"wp:term":[{"taxonomy":"product_brand","embeddable":true,"href":"https:\/\/www.ernstbrunn-apotheke.at\/katalog\/wp-json\/wp\/v2\/product_brand?post=54384"},{"taxonomy":"product_cat","embeddable":true,"href":"https:\/\/www.ernstbrunn-apotheke.at\/katalog\/wp-json\/wp\/v2\/product_cat?post=54384"},{"taxonomy":"product_tag","embeddable":true,"href":"https:\/\/www.ernstbrunn-apotheke.at\/katalog\/wp-json\/wp\/v2\/product_tag?post=54384"}],"curies":[{"name":"wp","href":"https:\/\/api.w.org\/{rel}","templated":true}]}}