{"id":54323,"date":"2025-11-10T20:07:48","date_gmt":"2025-11-10T19:07:48","guid":{"rendered":"https:\/\/www.ernstbrunn-apotheke.at\/katalog\/produkt\/chromium-gtf-tabletten\/"},"modified":"2025-12-08T16:55:26","modified_gmt":"2025-12-08T15:55:26","slug":"chromium-gtf-tabletten","status":"publish","type":"product","link":"https:\/\/www.ernstbrunn-apotheke.at\/katalog\/produkt\/chromium-gtf-tabletten\/","title":{"rendered":"Chromium GTF Tabletten"},"content":{"rendered":"<p>Chromium GTF Tabletten enthalten 50 Mikrogramm Chrom pro Tablette. Diese Menge reicht als Tagesbedarf voll aus. Am besten l\u00e4sst sich das Chrom in organisch gebundener Form, wie es in speziellen Hefetypen inkorporiert ist, vom K\u00f6rper aufnehmen. Speziell ausgew\u00e4hlte nat\u00fcrliche Medien f\u00fchren dazu, dass diese Hefen einen nat\u00fcrlich h\u00f6heren Gehalt an dreiwertigem Chrom enthalten als andere.<\/p>\n","protected":false},"excerpt":{"rendered":"<p>Chromium GTF Tabletten enthalten 50 Mikrogramm Chrom pro Tablette. Diese Menge reicht als Tagesbedarf voll aus. Am besten l\u00e4sst sich das Chrom in organisch gebundener Form, wie es in speziellen Hefetypen inkorporiert ist, vom K\u00f6rper aufnehmen. Speziell ausgew\u00e4hlte nat\u00fcrliche Medien f\u00fchren dazu, dass diese Hefen einen nat\u00fcrlich h\u00f6heren Gehalt an dreiwertigem Chrom enthalten als andere.<\/p>\n","protected":false},"featured_media":54325,"template":"","meta":{"_acf_changed":false},"product_brand":[371],"product_cat":[812],"product_tag":[],"class_list":{"0":"post-54323","1":"product","2":"type-product","3":"status-publish","4":"has-post-thumbnail","6":"product_brand-gall-pharma","7":"product_cat-c","8":"pa_packungsgroesse-30-stueck","10":"first","11":"instock","12":"shipping-taxable","13":"purchasable","14":"product-type-simple"},"acf":[],"_links":{"self":[{"href":"https:\/\/www.ernstbrunn-apotheke.at\/katalog\/wp-json\/wp\/v2\/product\/54323","targetHints":{"allow":["GET"]}}],"collection":[{"href":"https:\/\/www.ernstbrunn-apotheke.at\/katalog\/wp-json\/wp\/v2\/product"}],"about":[{"href":"https:\/\/www.ernstbrunn-apotheke.at\/katalog\/wp-json\/wp\/v2\/types\/product"}],"wp:featuredmedia":[{"embeddable":true,"href":"https:\/\/www.ernstbrunn-apotheke.at\/katalog\/wp-json\/wp\/v2\/media\/54325"}],"wp:attachment":[{"href":"https:\/\/www.ernstbrunn-apotheke.at\/katalog\/wp-json\/wp\/v2\/media?parent=54323"}],"wp:term":[{"taxonomy":"product_brand","embeddable":true,"href":"https:\/\/www.ernstbrunn-apotheke.at\/katalog\/wp-json\/wp\/v2\/product_brand?post=54323"},{"taxonomy":"product_cat","embeddable":true,"href":"https:\/\/www.ernstbrunn-apotheke.at\/katalog\/wp-json\/wp\/v2\/product_cat?post=54323"},{"taxonomy":"product_tag","embeddable":true,"href":"https:\/\/www.ernstbrunn-apotheke.at\/katalog\/wp-json\/wp\/v2\/product_tag?post=54323"}],"curies":[{"name":"wp","href":"https:\/\/api.w.org\/{rel}","templated":true}]}}