{"id":54301,"date":"2025-11-10T20:07:02","date_gmt":"2025-11-10T19:07:02","guid":{"rendered":"https:\/\/www.ernstbrunn-apotheke.at\/katalog\/produkt\/sinoplasan-vitamin-k2-oel\/"},"modified":"2025-12-08T16:55:22","modified_gmt":"2025-12-08T15:55:22","slug":"sinoplasan-vitamin-k2-oel","status":"publish","type":"product","link":"https:\/\/www.ernstbrunn-apotheke.at\/katalog\/produkt\/sinoplasan-vitamin-k2-oel\/","title":{"rendered":"Sinoplasan Vitamin K2 \u00d6l"},"content":{"rendered":"<div>all-trans 5 \u00b5g<\/div>\n<div><span>lactose-, fructose-, alkohol- und glutenfrei <br \/>GMO-frei<br \/>insgesamt \u00fcber 1300 Tropfen zu je 5 \u00b5g \u2259 6500 \u00b5g Vitamin K2<br \/>1 Tagesdosis (16 Tropfen) \u2259 80\u00b5g \u2259 106 % der empfohlenen Tages-dosis<br \/>Wichtig f\u00fcr feste, stabile Knochen <br \/>Tr\u00e4gt zu einer besseren Mineralisierung der Knochen bei<br \/>Tr\u00e4gt zu einem normalen Calciumeinbau in den Knochen bei <br \/>Tr\u00e4gt zu einer normalen Blutgerinnung bei<\/span><\/div>\n","protected":false},"excerpt":{"rendered":"<p>all-trans 5 \u00b5g lactose-, fructose-, alkohol- und glutenfrei GMO-freiinsgesamt \u00fcber 1300 Tropfen zu je 5 \u00b5g \u2259 6500 \u00b5g Vitamin K21 Tagesdosis (16 Tropfen) \u2259 80\u00b5g \u2259 106 % der empfohlenen Tages-dosisWichtig f\u00fcr feste, stabile Knochen Tr\u00e4gt zu einer besseren Mineralisierung der Knochen beiTr\u00e4gt zu einem normalen Calciumeinbau in den Knochen bei Tr\u00e4gt zu einer [&hellip;]<\/p>\n","protected":false},"featured_media":54303,"template":"","meta":{"_acf_changed":false},"product_brand":[],"product_cat":[791],"product_tag":[],"class_list":{"0":"post-54301","1":"product","2":"type-product","3":"status-publish","4":"has-post-thumbnail","6":"product_cat-s","7":"pa_farbe-farblos","8":"pa_geschmack-neutral","9":"pa_packungsgroesse-50ml","11":"first","12":"instock","13":"shipping-taxable","14":"purchasable","15":"product-type-simple"},"acf":[],"_links":{"self":[{"href":"https:\/\/www.ernstbrunn-apotheke.at\/katalog\/wp-json\/wp\/v2\/product\/54301","targetHints":{"allow":["GET"]}}],"collection":[{"href":"https:\/\/www.ernstbrunn-apotheke.at\/katalog\/wp-json\/wp\/v2\/product"}],"about":[{"href":"https:\/\/www.ernstbrunn-apotheke.at\/katalog\/wp-json\/wp\/v2\/types\/product"}],"wp:featuredmedia":[{"embeddable":true,"href":"https:\/\/www.ernstbrunn-apotheke.at\/katalog\/wp-json\/wp\/v2\/media\/54303"}],"wp:attachment":[{"href":"https:\/\/www.ernstbrunn-apotheke.at\/katalog\/wp-json\/wp\/v2\/media?parent=54301"}],"wp:term":[{"taxonomy":"product_brand","embeddable":true,"href":"https:\/\/www.ernstbrunn-apotheke.at\/katalog\/wp-json\/wp\/v2\/product_brand?post=54301"},{"taxonomy":"product_cat","embeddable":true,"href":"https:\/\/www.ernstbrunn-apotheke.at\/katalog\/wp-json\/wp\/v2\/product_cat?post=54301"},{"taxonomy":"product_tag","embeddable":true,"href":"https:\/\/www.ernstbrunn-apotheke.at\/katalog\/wp-json\/wp\/v2\/product_tag?post=54301"}],"curies":[{"name":"wp","href":"https:\/\/api.w.org\/{rel}","templated":true}]}}