{"id":54277,"date":"2025-11-10T20:07:02","date_gmt":"2025-11-10T19:07:02","guid":{"rendered":"https:\/\/www.ernstbrunn-apotheke.at\/katalog\/produkt\/centrum-tabletten-generation-50-2\/"},"modified":"2025-12-08T16:55:18","modified_gmt":"2025-12-08T15:55:18","slug":"centrum-tabletten-generation-50-2","status":"publish","type":"product","link":"https:\/\/www.ernstbrunn-apotheke.at\/katalog\/produkt\/centrum-tabletten-generation-50-2\/","title":{"rendered":"Centrum Tabletten Generation 50+"},"content":{"rendered":"<p>Centrum Capletten Generation 50+ sind f\u00fcr den Erhalt des Wohlbefindens und der Leistungsf\u00e4higkeit besonders wichtig. Nur eine Caplette tr\u00e4gt zur Deckung des Tagesbedarfs an allen wichtigen Vitaminen, Mineralstoffen und Spurenelementen bei.<\/p>\n","protected":false},"excerpt":{"rendered":"<p>Centrum Capletten Generation 50+ sind f\u00fcr den Erhalt des Wohlbefindens und der Leistungsf\u00e4higkeit besonders wichtig. Nur eine Caplette tr\u00e4gt zur Deckung des Tagesbedarfs an allen wichtigen Vitaminen, Mineralstoffen und Spurenelementen bei.<\/p>\n","protected":false},"featured_media":54279,"template":"","meta":{"_acf_changed":false},"product_brand":[1052],"product_cat":[812],"product_tag":[],"class_list":{"0":"post-54277","1":"product","2":"type-product","3":"status-publish","4":"has-post-thumbnail","6":"product_brand-centrum","7":"product_cat-c","8":"pa_packungsgroesse-60-stueck","10":"first","11":"instock","12":"shipping-taxable","13":"purchasable","14":"product-type-simple"},"acf":[],"_links":{"self":[{"href":"https:\/\/www.ernstbrunn-apotheke.at\/katalog\/wp-json\/wp\/v2\/product\/54277","targetHints":{"allow":["GET"]}}],"collection":[{"href":"https:\/\/www.ernstbrunn-apotheke.at\/katalog\/wp-json\/wp\/v2\/product"}],"about":[{"href":"https:\/\/www.ernstbrunn-apotheke.at\/katalog\/wp-json\/wp\/v2\/types\/product"}],"wp:featuredmedia":[{"embeddable":true,"href":"https:\/\/www.ernstbrunn-apotheke.at\/katalog\/wp-json\/wp\/v2\/media\/54279"}],"wp:attachment":[{"href":"https:\/\/www.ernstbrunn-apotheke.at\/katalog\/wp-json\/wp\/v2\/media?parent=54277"}],"wp:term":[{"taxonomy":"product_brand","embeddable":true,"href":"https:\/\/www.ernstbrunn-apotheke.at\/katalog\/wp-json\/wp\/v2\/product_brand?post=54277"},{"taxonomy":"product_cat","embeddable":true,"href":"https:\/\/www.ernstbrunn-apotheke.at\/katalog\/wp-json\/wp\/v2\/product_cat?post=54277"},{"taxonomy":"product_tag","embeddable":true,"href":"https:\/\/www.ernstbrunn-apotheke.at\/katalog\/wp-json\/wp\/v2\/product_tag?post=54277"}],"curies":[{"name":"wp","href":"https:\/\/api.w.org\/{rel}","templated":true}]}}