{"id":54267,"date":"2025-11-10T20:07:02","date_gmt":"2025-11-10T19:07:02","guid":{"rendered":"https:\/\/www.ernstbrunn-apotheke.at\/katalog\/produkt\/zink-magnesium-kapseln-canea\/"},"modified":"2025-12-08T16:55:16","modified_gmt":"2025-12-08T15:55:16","slug":"zink-magnesium-kapseln-canea","status":"publish","type":"product","link":"https:\/\/www.ernstbrunn-apotheke.at\/katalog\/produkt\/zink-magnesium-kapseln-canea\/","title":{"rendered":"Zink + Magnesium Kapseln Canea"},"content":{"rendered":"<p>Canea Zink und Magnesium Kapseln liefern Ihnen Magnesium und Zink welche wichtige Mineralstoffe sind, die an vielen Stoffwechselvorg\u00e4ngen im K\u00f6rper beteiligt sind. So ist Magnesium unentbehrlich f\u00fcr den Protein- und Fettstoffwechsel sowie das Immunsystem.<\/p>\n","protected":false},"excerpt":{"rendered":"<p>Canea Zink und Magnesium Kapseln liefern Ihnen Magnesium und Zink welche wichtige Mineralstoffe sind, die an vielen Stoffwechselvorg\u00e4ngen im K\u00f6rper beteiligt sind. So ist Magnesium unentbehrlich f\u00fcr den Protein- und Fettstoffwechsel sowie das Immunsystem.<\/p>\n","protected":false},"featured_media":54269,"template":"","meta":{"_acf_changed":false},"product_brand":[],"product_cat":[803],"product_tag":[],"class_list":{"0":"post-54267","1":"product","2":"type-product","3":"status-publish","4":"has-post-thumbnail","6":"product_cat-z","7":"pa_packungsgroesse-60-stueck","9":"first","10":"instock","11":"shipping-taxable","12":"purchasable","13":"product-type-simple"},"acf":[],"_links":{"self":[{"href":"https:\/\/www.ernstbrunn-apotheke.at\/katalog\/wp-json\/wp\/v2\/product\/54267","targetHints":{"allow":["GET"]}}],"collection":[{"href":"https:\/\/www.ernstbrunn-apotheke.at\/katalog\/wp-json\/wp\/v2\/product"}],"about":[{"href":"https:\/\/www.ernstbrunn-apotheke.at\/katalog\/wp-json\/wp\/v2\/types\/product"}],"wp:featuredmedia":[{"embeddable":true,"href":"https:\/\/www.ernstbrunn-apotheke.at\/katalog\/wp-json\/wp\/v2\/media\/54269"}],"wp:attachment":[{"href":"https:\/\/www.ernstbrunn-apotheke.at\/katalog\/wp-json\/wp\/v2\/media?parent=54267"}],"wp:term":[{"taxonomy":"product_brand","embeddable":true,"href":"https:\/\/www.ernstbrunn-apotheke.at\/katalog\/wp-json\/wp\/v2\/product_brand?post=54267"},{"taxonomy":"product_cat","embeddable":true,"href":"https:\/\/www.ernstbrunn-apotheke.at\/katalog\/wp-json\/wp\/v2\/product_cat?post=54267"},{"taxonomy":"product_tag","embeddable":true,"href":"https:\/\/www.ernstbrunn-apotheke.at\/katalog\/wp-json\/wp\/v2\/product_tag?post=54267"}],"curies":[{"name":"wp","href":"https:\/\/api.w.org\/{rel}","templated":true}]}}