{"id":54248,"date":"2025-11-10T20:06:04","date_gmt":"2025-11-10T19:06:04","guid":{"rendered":"https:\/\/www.ernstbrunn-apotheke.at\/katalog\/produkt\/burgerstein-eyevital-kapseln-100-stk\/"},"modified":"2025-12-08T16:55:14","modified_gmt":"2025-12-08T15:55:14","slug":"burgerstein-eyevital-kapseln-100-stk","status":"publish","type":"product","link":"https:\/\/www.ernstbrunn-apotheke.at\/katalog\/produkt\/burgerstein-eyevital-kapseln-100-stk\/","title":{"rendered":"Burgerstein EyeVital Kapseln 100 Stk."},"content":{"rendered":"<p>Burgerstein Kapseln Eye Vital enthalten wichtige N\u00e4hrstoffe zur Gesunderhaltung der Augen. Damit sind diese hochwertigen Kapseln f\u00fcr alle geeigent, die ihre  Augen besonders beanspruchen (Computer, Fernsehen, Lesen, Sonne). Au\u00dferdem ist dieses Produkt das Mittel erster Wahl f\u00fcr alle, die ihre Augen mit spezifischen N\u00e4hrstoffen unterst\u00fctzen m\u00f6chten.<\/p>\n","protected":false},"excerpt":{"rendered":"<p>Burgerstein Kapseln Eye Vital enthalten wichtige N\u00e4hrstoffe zur Gesunderhaltung der Augen. Damit sind diese hochwertigen Kapseln f\u00fcr alle geeigent, die ihre Augen besonders beanspruchen (Computer, Fernsehen, Lesen, Sonne). Au\u00dferdem ist dieses Produkt das Mittel erster Wahl f\u00fcr alle, die ihre Augen mit spezifischen N\u00e4hrstoffen unterst\u00fctzen m\u00f6chten.<\/p>\n","protected":false},"featured_media":54250,"template":"","meta":{"_acf_changed":false},"product_brand":[446],"product_cat":[802],"product_tag":[],"class_list":{"0":"post-54248","1":"product","2":"type-product","3":"status-publish","4":"has-post-thumbnail","6":"product_brand-burgerstein","7":"product_cat-b","8":"pa_packungsgroesse-100-stueck","10":"first","11":"instock","12":"shipping-taxable","13":"purchasable","14":"product-type-simple"},"acf":[],"_links":{"self":[{"href":"https:\/\/www.ernstbrunn-apotheke.at\/katalog\/wp-json\/wp\/v2\/product\/54248","targetHints":{"allow":["GET"]}}],"collection":[{"href":"https:\/\/www.ernstbrunn-apotheke.at\/katalog\/wp-json\/wp\/v2\/product"}],"about":[{"href":"https:\/\/www.ernstbrunn-apotheke.at\/katalog\/wp-json\/wp\/v2\/types\/product"}],"wp:featuredmedia":[{"embeddable":true,"href":"https:\/\/www.ernstbrunn-apotheke.at\/katalog\/wp-json\/wp\/v2\/media\/54250"}],"wp:attachment":[{"href":"https:\/\/www.ernstbrunn-apotheke.at\/katalog\/wp-json\/wp\/v2\/media?parent=54248"}],"wp:term":[{"taxonomy":"product_brand","embeddable":true,"href":"https:\/\/www.ernstbrunn-apotheke.at\/katalog\/wp-json\/wp\/v2\/product_brand?post=54248"},{"taxonomy":"product_cat","embeddable":true,"href":"https:\/\/www.ernstbrunn-apotheke.at\/katalog\/wp-json\/wp\/v2\/product_cat?post=54248"},{"taxonomy":"product_tag","embeddable":true,"href":"https:\/\/www.ernstbrunn-apotheke.at\/katalog\/wp-json\/wp\/v2\/product_tag?post=54248"}],"curies":[{"name":"wp","href":"https:\/\/api.w.org\/{rel}","templated":true}]}}