{"id":54210,"date":"2025-11-10T20:05:14","date_gmt":"2025-11-10T19:05:14","guid":{"rendered":"https:\/\/www.ernstbrunn-apotheke.at\/katalog\/produkt\/coenzym-q10-kapseln-60mg\/"},"modified":"2025-12-08T16:55:08","modified_gmt":"2025-12-08T15:55:08","slug":"coenzym-q10-kapseln-60mg","status":"publish","type":"product","link":"https:\/\/www.ernstbrunn-apotheke.at\/katalog\/produkt\/coenzym-q10-kapseln-60mg\/","title":{"rendered":"Coenzym Q10 Kapseln 60mg"},"content":{"rendered":"<p>Gall Pharma Q10 Coenzym 60 mg Kapseln enthalten 60 mg Coenzym Q-10 in einer Hartgelatinekapsel. Coenzym Q-10 ist eine vitamin\u00e4hnliche Substanz. Es wird zum Teil \u00fcber die Nahrung aufgenommen. Seine Bedeutung wird durch die Tatsache unterstrichen, dass es das einzige fettl\u00f6sliche Antioxidans ist, das der K\u00f6rper selbst herstellen kann. Jetzt bestellen und je 1 Tagesportion Orthomol Immun gratis erhalten!<\/p>\n","protected":false},"excerpt":{"rendered":"<p>Gall Pharma Q10 Coenzym 60 mg Kapseln enthalten 60 mg Coenzym Q-10 in einer Hartgelatinekapsel. Coenzym Q-10 ist eine vitamin\u00e4hnliche Substanz. Es wird zum Teil \u00fcber die Nahrung aufgenommen. Seine Bedeutung wird durch die Tatsache unterstrichen, dass es das einzige fettl\u00f6sliche Antioxidans ist, das der K\u00f6rper selbst herstellen kann. Jetzt bestellen und je 1 Tagesportion [&hellip;]<\/p>\n","protected":false},"featured_media":54212,"template":"","meta":{"_acf_changed":false},"product_brand":[371],"product_cat":[812],"product_tag":[],"class_list":{"0":"post-54210","1":"product","2":"type-product","3":"status-publish","4":"has-post-thumbnail","6":"product_brand-gall-pharma","7":"product_cat-c","8":"pa_packungsgroesse-120-stueck","9":"pa_packungsgroesse-60-stueck","11":"first","12":"instock","13":"shipping-taxable","14":"purchasable","15":"product-type-simple"},"acf":[],"_links":{"self":[{"href":"https:\/\/www.ernstbrunn-apotheke.at\/katalog\/wp-json\/wp\/v2\/product\/54210","targetHints":{"allow":["GET"]}}],"collection":[{"href":"https:\/\/www.ernstbrunn-apotheke.at\/katalog\/wp-json\/wp\/v2\/product"}],"about":[{"href":"https:\/\/www.ernstbrunn-apotheke.at\/katalog\/wp-json\/wp\/v2\/types\/product"}],"wp:featuredmedia":[{"embeddable":true,"href":"https:\/\/www.ernstbrunn-apotheke.at\/katalog\/wp-json\/wp\/v2\/media\/54212"}],"wp:attachment":[{"href":"https:\/\/www.ernstbrunn-apotheke.at\/katalog\/wp-json\/wp\/v2\/media?parent=54210"}],"wp:term":[{"taxonomy":"product_brand","embeddable":true,"href":"https:\/\/www.ernstbrunn-apotheke.at\/katalog\/wp-json\/wp\/v2\/product_brand?post=54210"},{"taxonomy":"product_cat","embeddable":true,"href":"https:\/\/www.ernstbrunn-apotheke.at\/katalog\/wp-json\/wp\/v2\/product_cat?post=54210"},{"taxonomy":"product_tag","embeddable":true,"href":"https:\/\/www.ernstbrunn-apotheke.at\/katalog\/wp-json\/wp\/v2\/product_tag?post=54210"}],"curies":[{"name":"wp","href":"https:\/\/api.w.org\/{rel}","templated":true}]}}