{"id":54159,"date":"2025-11-10T20:04:19","date_gmt":"2025-11-10T19:04:19","guid":{"rendered":"https:\/\/www.ernstbrunn-apotheke.at\/katalog\/produkt\/life-light-vitamin-b-komplex-kapseln-60-stk\/"},"modified":"2025-12-08T16:54:59","modified_gmt":"2025-12-08T15:54:59","slug":"life-light-vitamin-b-komplex-kapseln-60-stk","status":"publish","type":"product","link":"https:\/\/www.ernstbrunn-apotheke.at\/katalog\/produkt\/life-light-vitamin-b-komplex-kapseln-60-stk\/","title":{"rendered":"Life Light Vitamin B-Komplex Kapseln 60 Stk."},"content":{"rendered":"<p>Life Light Vitamin B-Komplex Kapseln sind ein orthomolekularer Mikron\u00e4hrstoffkomplex mit allen B-Vitaminen, die wichtige Stoffwechselfunktionen unterst\u00fctzen. Die Kapseln tragen dar\u00fcber hinaus zu einer normalen Funktion des Nervensystems und einer Reduktion von M\u00fcdigkeit und Erm\u00fcdung bei.<\/p>\n","protected":false},"excerpt":{"rendered":"<p>Life Light Vitamin B-Komplex Kapseln sind ein orthomolekularer Mikron\u00e4hrstoffkomplex mit allen B-Vitaminen, die wichtige Stoffwechselfunktionen unterst\u00fctzen. Die Kapseln tragen dar\u00fcber hinaus zu einer normalen Funktion des Nervensystems und einer Reduktion von M\u00fcdigkeit und Erm\u00fcdung bei.<\/p>\n","protected":false},"featured_media":54161,"template":"","meta":{"_acf_changed":false},"product_brand":[],"product_cat":[795],"product_tag":[],"class_list":{"0":"post-54159","1":"product","2":"type-product","3":"status-publish","4":"has-post-thumbnail","6":"product_cat-l","7":"pa_packungsgroesse-60-stueck","9":"first","10":"instock","11":"shipping-taxable","12":"purchasable","13":"product-type-simple"},"acf":[],"_links":{"self":[{"href":"https:\/\/www.ernstbrunn-apotheke.at\/katalog\/wp-json\/wp\/v2\/product\/54159","targetHints":{"allow":["GET"]}}],"collection":[{"href":"https:\/\/www.ernstbrunn-apotheke.at\/katalog\/wp-json\/wp\/v2\/product"}],"about":[{"href":"https:\/\/www.ernstbrunn-apotheke.at\/katalog\/wp-json\/wp\/v2\/types\/product"}],"wp:featuredmedia":[{"embeddable":true,"href":"https:\/\/www.ernstbrunn-apotheke.at\/katalog\/wp-json\/wp\/v2\/media\/54161"}],"wp:attachment":[{"href":"https:\/\/www.ernstbrunn-apotheke.at\/katalog\/wp-json\/wp\/v2\/media?parent=54159"}],"wp:term":[{"taxonomy":"product_brand","embeddable":true,"href":"https:\/\/www.ernstbrunn-apotheke.at\/katalog\/wp-json\/wp\/v2\/product_brand?post=54159"},{"taxonomy":"product_cat","embeddable":true,"href":"https:\/\/www.ernstbrunn-apotheke.at\/katalog\/wp-json\/wp\/v2\/product_cat?post=54159"},{"taxonomy":"product_tag","embeddable":true,"href":"https:\/\/www.ernstbrunn-apotheke.at\/katalog\/wp-json\/wp\/v2\/product_tag?post=54159"}],"curies":[{"name":"wp","href":"https:\/\/api.w.org\/{rel}","templated":true}]}}