{"id":54109,"date":"2025-11-10T20:03:23","date_gmt":"2025-11-10T19:03:23","guid":{"rendered":"https:\/\/www.ernstbrunn-apotheke.at\/katalog\/produkt\/life-light-pulver-sango-koralle-45-g\/"},"modified":"2025-12-08T16:54:51","modified_gmt":"2025-12-08T15:54:51","slug":"life-light-pulver-sango-koralle-45-g","status":"publish","type":"product","link":"https:\/\/www.ernstbrunn-apotheke.at\/katalog\/produkt\/life-light-pulver-sango-koralle-45-g\/","title":{"rendered":"Life Light Pulver Sango Koralle 45 g"},"content":{"rendered":"<p>Life Light Pulver Sango Koralle \u00fcberzeugt durch sein au\u00dferordentlich hohes Gehalt an Calcium und Magnesium. Calcium tr\u00e4gt zu einer normalen Blutgerinnung, einer normalen Funktion von Verdauungsenzymen und einem normalen Energiestoffwechsel bei. Magnesium dient zur Erhaltung normaler Knochen und Z\u00e4hne und bewirkt dar\u00fcber hinaus die normale Funktion des Nervensystems.<\/p>\n","protected":false},"excerpt":{"rendered":"<p>Life Light Pulver Sango Koralle \u00fcberzeugt durch sein au\u00dferordentlich hohes Gehalt an Calcium und Magnesium. Calcium tr\u00e4gt zu einer normalen Blutgerinnung, einer normalen Funktion von Verdauungsenzymen und einem normalen Energiestoffwechsel bei. Magnesium dient zur Erhaltung normaler Knochen und Z\u00e4hne und bewirkt dar\u00fcber hinaus die normale Funktion des Nervensystems.<\/p>\n","protected":false},"featured_media":54111,"template":"","meta":{"_acf_changed":false},"product_brand":[],"product_cat":[795],"product_tag":[],"class_list":{"0":"post-54109","1":"product","2":"type-product","3":"status-publish","4":"has-post-thumbnail","6":"product_cat-l","7":"pa_packungsgroesse-45g","9":"first","10":"instock","11":"shipping-taxable","12":"purchasable","13":"product-type-simple"},"acf":[],"_links":{"self":[{"href":"https:\/\/www.ernstbrunn-apotheke.at\/katalog\/wp-json\/wp\/v2\/product\/54109","targetHints":{"allow":["GET"]}}],"collection":[{"href":"https:\/\/www.ernstbrunn-apotheke.at\/katalog\/wp-json\/wp\/v2\/product"}],"about":[{"href":"https:\/\/www.ernstbrunn-apotheke.at\/katalog\/wp-json\/wp\/v2\/types\/product"}],"wp:featuredmedia":[{"embeddable":true,"href":"https:\/\/www.ernstbrunn-apotheke.at\/katalog\/wp-json\/wp\/v2\/media\/54111"}],"wp:attachment":[{"href":"https:\/\/www.ernstbrunn-apotheke.at\/katalog\/wp-json\/wp\/v2\/media?parent=54109"}],"wp:term":[{"taxonomy":"product_brand","embeddable":true,"href":"https:\/\/www.ernstbrunn-apotheke.at\/katalog\/wp-json\/wp\/v2\/product_brand?post=54109"},{"taxonomy":"product_cat","embeddable":true,"href":"https:\/\/www.ernstbrunn-apotheke.at\/katalog\/wp-json\/wp\/v2\/product_cat?post=54109"},{"taxonomy":"product_tag","embeddable":true,"href":"https:\/\/www.ernstbrunn-apotheke.at\/katalog\/wp-json\/wp\/v2\/product_tag?post=54109"}],"curies":[{"name":"wp","href":"https:\/\/api.w.org\/{rel}","templated":true}]}}