{"id":54043,"date":"2025-11-10T20:02:38","date_gmt":"2025-11-10T19:02:38","guid":{"rendered":"https:\/\/www.ernstbrunn-apotheke.at\/katalog\/produkt\/espara-vitamin-d-tropfen-15-ml\/"},"modified":"2025-12-08T16:54:39","modified_gmt":"2025-12-08T15:54:39","slug":"espara-vitamin-d-tropfen-15-ml","status":"publish","type":"product","link":"https:\/\/www.ernstbrunn-apotheke.at\/katalog\/produkt\/espara-vitamin-d-tropfen-15-ml\/","title":{"rendered":"Espara Vitamin D Tropfen 15 ml"},"content":{"rendered":"<p>Nahrungserg\u00e4nzungsmittel mit Vitamin D3. Vitamin D tr\u00e4gt zu einer normalen Aufnahme und Verwertung von Calcium und Phosphor, zur Erhaltung normaler Knochen und Z\u00e4hne als auch zur Erhaltung der normalen Muskel- und Immunfunktion bei.<\/p>\n","protected":false},"excerpt":{"rendered":"<p>Nahrungserg\u00e4nzungsmittel mit Vitamin D3. Vitamin D tr\u00e4gt zu einer normalen Aufnahme und Verwertung von Calcium und Phosphor, zur Erhaltung normaler Knochen und Z\u00e4hne als auch zur Erhaltung der normalen Muskel- und Immunfunktion bei.<\/p>\n","protected":false},"featured_media":54045,"template":"","meta":{"_acf_changed":false},"product_brand":[383],"product_cat":[794],"product_tag":[],"class_list":{"0":"post-54043","1":"product","2":"type-product","3":"status-publish","4":"has-post-thumbnail","6":"product_brand-espara","7":"product_cat-e","8":"pa_packungsgroesse-15ml","10":"first","11":"instock","12":"shipping-taxable","13":"purchasable","14":"product-type-simple"},"acf":[],"_links":{"self":[{"href":"https:\/\/www.ernstbrunn-apotheke.at\/katalog\/wp-json\/wp\/v2\/product\/54043","targetHints":{"allow":["GET"]}}],"collection":[{"href":"https:\/\/www.ernstbrunn-apotheke.at\/katalog\/wp-json\/wp\/v2\/product"}],"about":[{"href":"https:\/\/www.ernstbrunn-apotheke.at\/katalog\/wp-json\/wp\/v2\/types\/product"}],"wp:featuredmedia":[{"embeddable":true,"href":"https:\/\/www.ernstbrunn-apotheke.at\/katalog\/wp-json\/wp\/v2\/media\/54045"}],"wp:attachment":[{"href":"https:\/\/www.ernstbrunn-apotheke.at\/katalog\/wp-json\/wp\/v2\/media?parent=54043"}],"wp:term":[{"taxonomy":"product_brand","embeddable":true,"href":"https:\/\/www.ernstbrunn-apotheke.at\/katalog\/wp-json\/wp\/v2\/product_brand?post=54043"},{"taxonomy":"product_cat","embeddable":true,"href":"https:\/\/www.ernstbrunn-apotheke.at\/katalog\/wp-json\/wp\/v2\/product_cat?post=54043"},{"taxonomy":"product_tag","embeddable":true,"href":"https:\/\/www.ernstbrunn-apotheke.at\/katalog\/wp-json\/wp\/v2\/product_tag?post=54043"}],"curies":[{"name":"wp","href":"https:\/\/api.w.org\/{rel}","templated":true}]}}