{"id":53952,"date":"2025-11-10T19:59:46","date_gmt":"2025-11-10T18:59:46","guid":{"rendered":"https:\/\/www.ernstbrunn-apotheke.at\/katalog\/produkt\/gall-pharma-neukoenigsfoerder-mineraltabletten-200-stk\/"},"modified":"2025-12-08T16:54:22","modified_gmt":"2025-12-08T15:54:22","slug":"gall-pharma-neukoenigsfoerder-mineraltabletten-200-stk","status":"publish","type":"product","link":"https:\/\/www.ernstbrunn-apotheke.at\/katalog\/produkt\/gall-pharma-neukoenigsfoerder-mineraltabletten-200-stk\/","title":{"rendered":"Gall Pharma Neuk\u00f6nigsf\u00f6rder Mineraltabletten 200 Stk."},"content":{"rendered":"<p>Gall Pharma Neuk\u00f6nigsf\u00f6rder Mineraltabletten enthalten Mineralstoffe und Spurenelemente zur t\u00e4glichen Nahrungserg\u00e4nzung. Eine ausgewogene Mineralstoffversorgung ist auch bei einer abwechslungsreichen Ern\u00e4hrung nicht immer m\u00f6glich. Insbesondere steigt der Bedarf an Mineralstoffen bei Leistungssportlern, Schwerarbeitern, im Alter und Wachstum.<\/p>\n","protected":false},"excerpt":{"rendered":"<p>Gall Pharma Neuk\u00f6nigsf\u00f6rder Mineraltabletten enthalten Mineralstoffe und Spurenelemente zur t\u00e4glichen Nahrungserg\u00e4nzung. Eine ausgewogene Mineralstoffversorgung ist auch bei einer abwechslungsreichen Ern\u00e4hrung nicht immer m\u00f6glich. Insbesondere steigt der Bedarf an Mineralstoffen bei Leistungssportlern, Schwerarbeitern, im Alter und Wachstum.<\/p>\n","protected":false},"featured_media":53954,"template":"","meta":{"_acf_changed":false},"product_brand":[],"product_cat":[810],"product_tag":[],"class_list":{"0":"post-53952","1":"product","2":"type-product","3":"status-publish","4":"has-post-thumbnail","6":"product_cat-g","7":"pa_packungsgroesse-200-stueck","9":"first","10":"instock","11":"shipping-taxable","12":"purchasable","13":"product-type-simple"},"acf":[],"_links":{"self":[{"href":"https:\/\/www.ernstbrunn-apotheke.at\/katalog\/wp-json\/wp\/v2\/product\/53952","targetHints":{"allow":["GET"]}}],"collection":[{"href":"https:\/\/www.ernstbrunn-apotheke.at\/katalog\/wp-json\/wp\/v2\/product"}],"about":[{"href":"https:\/\/www.ernstbrunn-apotheke.at\/katalog\/wp-json\/wp\/v2\/types\/product"}],"wp:featuredmedia":[{"embeddable":true,"href":"https:\/\/www.ernstbrunn-apotheke.at\/katalog\/wp-json\/wp\/v2\/media\/53954"}],"wp:attachment":[{"href":"https:\/\/www.ernstbrunn-apotheke.at\/katalog\/wp-json\/wp\/v2\/media?parent=53952"}],"wp:term":[{"taxonomy":"product_brand","embeddable":true,"href":"https:\/\/www.ernstbrunn-apotheke.at\/katalog\/wp-json\/wp\/v2\/product_brand?post=53952"},{"taxonomy":"product_cat","embeddable":true,"href":"https:\/\/www.ernstbrunn-apotheke.at\/katalog\/wp-json\/wp\/v2\/product_cat?post=53952"},{"taxonomy":"product_tag","embeddable":true,"href":"https:\/\/www.ernstbrunn-apotheke.at\/katalog\/wp-json\/wp\/v2\/product_tag?post=53952"}],"curies":[{"name":"wp","href":"https:\/\/api.w.org\/{rel}","templated":true}]}}