{"id":53821,"date":"2025-11-10T19:57:09","date_gmt":"2025-11-10T18:57:09","guid":{"rendered":"https:\/\/www.ernstbrunn-apotheke.at\/katalog\/produkt\/burgerstein-aminovital-sachets-20-stk\/"},"modified":"2025-12-08T16:54:01","modified_gmt":"2025-12-08T15:54:01","slug":"burgerstein-aminovital-sachets-20-stk","status":"publish","type":"product","link":"https:\/\/www.ernstbrunn-apotheke.at\/katalog\/produkt\/burgerstein-aminovital-sachets-20-stk\/","title":{"rendered":"Burgerstein Aminovital Sachets 20 Stk."},"content":{"rendered":"<p>Burgerstein Aminovital Sachets enthalten eine Auswahl spezieller Aminos\u00e4uren f\u00fcr die gezielte Unterst\u00fctzung des Hirnstoffwechsels. Dieses Produkt dient f\u00fcr den Aufbau und die schnellere Erholung w\u00e4hrend oder nach Stress-Situationen, wie zum Beispiel im Sport. Au\u00dferdem erh\u00f6ht Aminovital die mentale Fitness und die Konzentrationsf\u00e4higkeit. Weniger M\u00fcdigkeit, mehr Energie.<\/p>\n","protected":false},"excerpt":{"rendered":"<p>Burgerstein Aminovital Sachets enthalten eine Auswahl spezieller Aminos\u00e4uren f\u00fcr die gezielte Unterst\u00fctzung des Hirnstoffwechsels. Dieses Produkt dient f\u00fcr den Aufbau und die schnellere Erholung w\u00e4hrend oder nach Stress-Situationen, wie zum Beispiel im Sport. Au\u00dferdem erh\u00f6ht Aminovital die mentale Fitness und die Konzentrationsf\u00e4higkeit. Weniger M\u00fcdigkeit, mehr Energie.<\/p>\n","protected":false},"featured_media":53823,"template":"","meta":{"_acf_changed":false},"product_brand":[446],"product_cat":[802],"product_tag":[],"class_list":{"0":"post-53821","1":"product","2":"type-product","3":"status-publish","4":"has-post-thumbnail","6":"product_brand-burgerstein","7":"product_cat-b","8":"pa_packungsgroesse-20-beutel","10":"first","11":"instock","12":"shipping-taxable","13":"purchasable","14":"product-type-simple"},"acf":[],"_links":{"self":[{"href":"https:\/\/www.ernstbrunn-apotheke.at\/katalog\/wp-json\/wp\/v2\/product\/53821","targetHints":{"allow":["GET"]}}],"collection":[{"href":"https:\/\/www.ernstbrunn-apotheke.at\/katalog\/wp-json\/wp\/v2\/product"}],"about":[{"href":"https:\/\/www.ernstbrunn-apotheke.at\/katalog\/wp-json\/wp\/v2\/types\/product"}],"wp:featuredmedia":[{"embeddable":true,"href":"https:\/\/www.ernstbrunn-apotheke.at\/katalog\/wp-json\/wp\/v2\/media\/53823"}],"wp:attachment":[{"href":"https:\/\/www.ernstbrunn-apotheke.at\/katalog\/wp-json\/wp\/v2\/media?parent=53821"}],"wp:term":[{"taxonomy":"product_brand","embeddable":true,"href":"https:\/\/www.ernstbrunn-apotheke.at\/katalog\/wp-json\/wp\/v2\/product_brand?post=53821"},{"taxonomy":"product_cat","embeddable":true,"href":"https:\/\/www.ernstbrunn-apotheke.at\/katalog\/wp-json\/wp\/v2\/product_cat?post=53821"},{"taxonomy":"product_tag","embeddable":true,"href":"https:\/\/www.ernstbrunn-apotheke.at\/katalog\/wp-json\/wp\/v2\/product_tag?post=53821"}],"curies":[{"name":"wp","href":"https:\/\/api.w.org\/{rel}","templated":true}]}}