{"id":53698,"date":"2025-11-10T19:55:00","date_gmt":"2025-11-10T18:55:00","guid":{"rendered":"https:\/\/www.ernstbrunn-apotheke.at\/katalog\/produkt\/cholin-100mg-kapseln\/"},"modified":"2025-12-08T16:53:39","modified_gmt":"2025-12-08T15:53:39","slug":"cholin-100mg-kapseln","status":"publish","type":"product","link":"https:\/\/www.ernstbrunn-apotheke.at\/katalog\/produkt\/cholin-100mg-kapseln\/","title":{"rendered":"Cholin 100mg Kapseln"},"content":{"rendered":"<p>Gall Pharma Cholin 100 mg Kapseln werden vorwiegend zum Aufbau und Erhalt der Nervenzellen ben\u00f6tigt. Vitamin B12 und Fols\u00e4ure sind f\u00fcr die Bildung von Cholin von gro\u00dfer Bedeutung. Fehlen diese Wirkstoffe kommt es zu einer Ged\u00e4chtnis- und Konzentrationsschw\u00e4che. Ein Mangel an Cholin bedingt somit ein schlechtes Ged\u00e4chtnis und Vergesslichkeit.<\/p>\n","protected":false},"excerpt":{"rendered":"<p>Gall Pharma Cholin 100 mg Kapseln werden vorwiegend zum Aufbau und Erhalt der Nervenzellen ben\u00f6tigt. Vitamin B12 und Fols\u00e4ure sind f\u00fcr die Bildung von Cholin von gro\u00dfer Bedeutung. Fehlen diese Wirkstoffe kommt es zu einer Ged\u00e4chtnis- und Konzentrationsschw\u00e4che. Ein Mangel an Cholin bedingt somit ein schlechtes Ged\u00e4chtnis und Vergesslichkeit.<\/p>\n","protected":false},"featured_media":53700,"template":"","meta":{"_acf_changed":false},"product_brand":[371],"product_cat":[812],"product_tag":[],"class_list":{"0":"post-53698","1":"product","2":"type-product","3":"status-publish","4":"has-post-thumbnail","6":"product_brand-gall-pharma","7":"product_cat-c","8":"pa_packungsgroesse-120-stueck","9":"pa_packungsgroesse-60-stueck","11":"first","12":"instock","13":"shipping-taxable","14":"purchasable","15":"product-type-simple"},"acf":[],"_links":{"self":[{"href":"https:\/\/www.ernstbrunn-apotheke.at\/katalog\/wp-json\/wp\/v2\/product\/53698","targetHints":{"allow":["GET"]}}],"collection":[{"href":"https:\/\/www.ernstbrunn-apotheke.at\/katalog\/wp-json\/wp\/v2\/product"}],"about":[{"href":"https:\/\/www.ernstbrunn-apotheke.at\/katalog\/wp-json\/wp\/v2\/types\/product"}],"wp:featuredmedia":[{"embeddable":true,"href":"https:\/\/www.ernstbrunn-apotheke.at\/katalog\/wp-json\/wp\/v2\/media\/53700"}],"wp:attachment":[{"href":"https:\/\/www.ernstbrunn-apotheke.at\/katalog\/wp-json\/wp\/v2\/media?parent=53698"}],"wp:term":[{"taxonomy":"product_brand","embeddable":true,"href":"https:\/\/www.ernstbrunn-apotheke.at\/katalog\/wp-json\/wp\/v2\/product_brand?post=53698"},{"taxonomy":"product_cat","embeddable":true,"href":"https:\/\/www.ernstbrunn-apotheke.at\/katalog\/wp-json\/wp\/v2\/product_cat?post=53698"},{"taxonomy":"product_tag","embeddable":true,"href":"https:\/\/www.ernstbrunn-apotheke.at\/katalog\/wp-json\/wp\/v2\/product_tag?post=53698"}],"curies":[{"name":"wp","href":"https:\/\/api.w.org\/{rel}","templated":true}]}}