{"id":53684,"date":"2025-11-10T19:55:00","date_gmt":"2025-11-10T18:55:00","guid":{"rendered":"https:\/\/www.ernstbrunn-apotheke.at\/katalog\/produkt\/dr-ehrenberger-silizium-kolloid-200-ml\/"},"modified":"2025-12-08T16:53:37","modified_gmt":"2025-12-08T15:53:37","slug":"dr-ehrenberger-silizium-kolloid-200-ml","status":"publish","type":"product","link":"https:\/\/www.ernstbrunn-apotheke.at\/katalog\/produkt\/dr-ehrenberger-silizium-kolloid-200-ml\/","title":{"rendered":"Dr. Ehrenberger Silizium Kolloid 200 ml"},"content":{"rendered":"<p>Dr. Ehrenberger Silizium Kolloid garantiert h\u00f6chste Reinheit und beste Bioverf\u00fcgbarkeit. Silizium hat die F\u00e4higkeit hohe Mengen an Wasser zu binden. Dies wirkt sich positiv auf die Haut sowie auf die Elastizit\u00e4t von Knorpeln, Bindegewebe und Knochen aus. Das Produkt enth\u00e4lt teilweise biologische Inhaltsstoffe.<\/p>\n","protected":false},"excerpt":{"rendered":"<p>Dr. Ehrenberger Silizium Kolloid garantiert h\u00f6chste Reinheit und beste Bioverf\u00fcgbarkeit. Silizium hat die F\u00e4higkeit hohe Mengen an Wasser zu binden. Dies wirkt sich positiv auf die Haut sowie auf die Elastizit\u00e4t von Knorpeln, Bindegewebe und Knochen aus. Das Produkt enth\u00e4lt teilweise biologische Inhaltsstoffe.<\/p>\n","protected":false},"featured_media":53686,"template":"","meta":{"_acf_changed":false},"product_brand":[509],"product_cat":[792],"product_tag":[],"class_list":{"0":"post-53684","1":"product","2":"type-product","3":"status-publish","4":"has-post-thumbnail","6":"product_brand-dr-ehrenberger","7":"product_cat-d","8":"pa_packungsgroesse-200ml","10":"first","11":"instock","12":"shipping-taxable","13":"purchasable","14":"product-type-simple"},"acf":[],"_links":{"self":[{"href":"https:\/\/www.ernstbrunn-apotheke.at\/katalog\/wp-json\/wp\/v2\/product\/53684","targetHints":{"allow":["GET"]}}],"collection":[{"href":"https:\/\/www.ernstbrunn-apotheke.at\/katalog\/wp-json\/wp\/v2\/product"}],"about":[{"href":"https:\/\/www.ernstbrunn-apotheke.at\/katalog\/wp-json\/wp\/v2\/types\/product"}],"wp:featuredmedia":[{"embeddable":true,"href":"https:\/\/www.ernstbrunn-apotheke.at\/katalog\/wp-json\/wp\/v2\/media\/53686"}],"wp:attachment":[{"href":"https:\/\/www.ernstbrunn-apotheke.at\/katalog\/wp-json\/wp\/v2\/media?parent=53684"}],"wp:term":[{"taxonomy":"product_brand","embeddable":true,"href":"https:\/\/www.ernstbrunn-apotheke.at\/katalog\/wp-json\/wp\/v2\/product_brand?post=53684"},{"taxonomy":"product_cat","embeddable":true,"href":"https:\/\/www.ernstbrunn-apotheke.at\/katalog\/wp-json\/wp\/v2\/product_cat?post=53684"},{"taxonomy":"product_tag","embeddable":true,"href":"https:\/\/www.ernstbrunn-apotheke.at\/katalog\/wp-json\/wp\/v2\/product_tag?post=53684"}],"curies":[{"name":"wp","href":"https:\/\/api.w.org\/{rel}","templated":true}]}}