{"id":53668,"date":"2025-11-10T19:55:00","date_gmt":"2025-11-10T18:55:00","guid":{"rendered":"https:\/\/www.ernstbrunn-apotheke.at\/katalog\/produkt\/hafesan-acerola-vitamin-c-400-kapseln-60-stk\/"},"modified":"2025-12-08T16:53:34","modified_gmt":"2025-12-08T15:53:34","slug":"hafesan-acerola-vitamin-c-400-kapseln-60-stk","status":"publish","type":"product","link":"https:\/\/www.ernstbrunn-apotheke.at\/katalog\/produkt\/hafesan-acerola-vitamin-c-400-kapseln-60-stk\/","title":{"rendered":"Hafesan Acerola Vitamin C 400 Kapseln 60 Stk."},"content":{"rendered":"<p>hafesan Acerola Vitamin C versorgt Ihren K\u00f6rper mit nat\u00fcrlichem Vitamin C aus der Acerolakirsche. Gerade im Winter, bei Rauchern, in Stress-Situationen und bei hoher k\u00f6rperlicher Belastung steigt der Vitamin C Bedarf<\/p>\n","protected":false},"excerpt":{"rendered":"<p>hafesan Acerola Vitamin C versorgt Ihren K\u00f6rper mit nat\u00fcrlichem Vitamin C aus der Acerolakirsche. Gerade im Winter, bei Rauchern, in Stress-Situationen und bei hoher k\u00f6rperlicher Belastung steigt der Vitamin C Bedarf<\/p>\n","protected":false},"featured_media":53670,"template":"","meta":{"_acf_changed":false},"product_brand":[376],"product_cat":[805],"product_tag":[],"class_list":{"0":"post-53668","1":"product","2":"type-product","3":"status-publish","4":"has-post-thumbnail","6":"product_brand-hafesan","7":"product_cat-h","8":"pa_packungsgroesse-60-stueck","10":"first","11":"instock","12":"shipping-taxable","13":"purchasable","14":"product-type-simple"},"acf":[],"_links":{"self":[{"href":"https:\/\/www.ernstbrunn-apotheke.at\/katalog\/wp-json\/wp\/v2\/product\/53668","targetHints":{"allow":["GET"]}}],"collection":[{"href":"https:\/\/www.ernstbrunn-apotheke.at\/katalog\/wp-json\/wp\/v2\/product"}],"about":[{"href":"https:\/\/www.ernstbrunn-apotheke.at\/katalog\/wp-json\/wp\/v2\/types\/product"}],"wp:featuredmedia":[{"embeddable":true,"href":"https:\/\/www.ernstbrunn-apotheke.at\/katalog\/wp-json\/wp\/v2\/media\/53670"}],"wp:attachment":[{"href":"https:\/\/www.ernstbrunn-apotheke.at\/katalog\/wp-json\/wp\/v2\/media?parent=53668"}],"wp:term":[{"taxonomy":"product_brand","embeddable":true,"href":"https:\/\/www.ernstbrunn-apotheke.at\/katalog\/wp-json\/wp\/v2\/product_brand?post=53668"},{"taxonomy":"product_cat","embeddable":true,"href":"https:\/\/www.ernstbrunn-apotheke.at\/katalog\/wp-json\/wp\/v2\/product_cat?post=53668"},{"taxonomy":"product_tag","embeddable":true,"href":"https:\/\/www.ernstbrunn-apotheke.at\/katalog\/wp-json\/wp\/v2\/product_tag?post=53668"}],"curies":[{"name":"wp","href":"https:\/\/api.w.org\/{rel}","templated":true}]}}