{"id":53666,"date":"2025-11-10T19:54:19","date_gmt":"2025-11-10T18:54:19","guid":{"rendered":"https:\/\/www.ernstbrunn-apotheke.at\/katalog\/produkt\/apofit-q10-coenzym-30-mg-kapseln-50-stk\/"},"modified":"2025-12-08T16:53:32","modified_gmt":"2025-12-08T15:53:32","slug":"apofit-q10-coenzym-30-mg-kapseln-50-stk","status":"publish","type":"product","link":"https:\/\/www.ernstbrunn-apotheke.at\/katalog\/produkt\/apofit-q10-coenzym-30-mg-kapseln-50-stk\/","title":{"rendered":"Apofit Q10 Coenzym 30 mg Kapseln 50 Stk."},"content":{"rendered":"<p>Apofit Q10 Coenzym 30 mg Kapseln sind ein Nahrungserg\u00e4nzungsmittel zur Aufrechterhaltung der k\u00f6rpereigenen Coenzym Q10-Konzentration. Coenzym Q10 ist der Brennstoff f\u00fcr die Kraftwerke in unseren Zellen. Im Alter kann der Organismus Coenzym Q10 nicht mehr selbst ausreichend bilden, er ist auf die zus\u00e4tzliche Einnahme angewiesen, um hohe Energie und Vitalit\u00e4t zur Verf\u00fcgung zu haben.<\/p>\n","protected":false},"excerpt":{"rendered":"<p>Apofit Q10 Coenzym 30 mg Kapseln sind ein Nahrungserg\u00e4nzungsmittel zur Aufrechterhaltung der k\u00f6rpereigenen Coenzym Q10-Konzentration. Coenzym Q10 ist der Brennstoff f\u00fcr die Kraftwerke in unseren Zellen. Im Alter kann der Organismus Coenzym Q10 nicht mehr selbst ausreichend bilden, er ist auf die zus\u00e4tzliche Einnahme angewiesen, um hohe Energie und Vitalit\u00e4t zur Verf\u00fcgung zu haben.<\/p>\n","protected":false},"featured_media":0,"template":"","meta":{"_acf_changed":false},"product_brand":[584],"product_cat":[801],"product_tag":[],"class_list":{"0":"post-53666","1":"product","2":"type-product","3":"status-publish","5":"product_brand-apofit","6":"product_cat-a","7":"pa_packungsgroesse-50-stueck","9":"first","10":"instock","11":"shipping-taxable","12":"purchasable","13":"product-type-simple"},"acf":[],"_links":{"self":[{"href":"https:\/\/www.ernstbrunn-apotheke.at\/katalog\/wp-json\/wp\/v2\/product\/53666","targetHints":{"allow":["GET"]}}],"collection":[{"href":"https:\/\/www.ernstbrunn-apotheke.at\/katalog\/wp-json\/wp\/v2\/product"}],"about":[{"href":"https:\/\/www.ernstbrunn-apotheke.at\/katalog\/wp-json\/wp\/v2\/types\/product"}],"wp:attachment":[{"href":"https:\/\/www.ernstbrunn-apotheke.at\/katalog\/wp-json\/wp\/v2\/media?parent=53666"}],"wp:term":[{"taxonomy":"product_brand","embeddable":true,"href":"https:\/\/www.ernstbrunn-apotheke.at\/katalog\/wp-json\/wp\/v2\/product_brand?post=53666"},{"taxonomy":"product_cat","embeddable":true,"href":"https:\/\/www.ernstbrunn-apotheke.at\/katalog\/wp-json\/wp\/v2\/product_cat?post=53666"},{"taxonomy":"product_tag","embeddable":true,"href":"https:\/\/www.ernstbrunn-apotheke.at\/katalog\/wp-json\/wp\/v2\/product_tag?post=53666"}],"curies":[{"name":"wp","href":"https:\/\/api.w.org\/{rel}","templated":true}]}}