{"id":53581,"date":"2025-11-10T19:52:31","date_gmt":"2025-11-10T18:52:31","guid":{"rendered":"https:\/\/www.ernstbrunn-apotheke.at\/katalog\/produkt\/dr-owl-tritan-bottle-1-stk\/"},"modified":"2025-12-08T16:53:16","modified_gmt":"2025-12-08T15:53:16","slug":"dr-owl-tritan-bottle-1-stk","status":"publish","type":"product","link":"https:\/\/www.ernstbrunn-apotheke.at\/katalog\/produkt\/dr-owl-tritan-bottle-1-stk\/","title":{"rendered":"Dr. OWL Tritan Bottle 1 Stk."},"content":{"rendered":"<p>Dr. OWL Tritan Bottle ist eine Trinkflasche aus High Tech Material. Sie ist zu 100% frei von den Weichmachern Bisphenolen und Phthalaten. Die Flasche ist sp\u00fclmaschinenfest und verf\u00fcgt \u00fcber einen weichen Silikonring f\u00fcr komfortables Trinken und F\u00fcllen<\/p>\n","protected":false},"excerpt":{"rendered":"<p>Dr. OWL Tritan Bottle ist eine Trinkflasche aus High Tech Material. Sie ist zu 100% frei von den Weichmachern Bisphenolen und Phthalaten. Die Flasche ist sp\u00fclmaschinenfest und verf\u00fcgt \u00fcber einen weichen Silikonring f\u00fcr komfortables Trinken und F\u00fcllen<\/p>\n","protected":false},"featured_media":53583,"template":"","meta":{"_acf_changed":false},"product_brand":[],"product_cat":[792],"product_tag":[],"class_list":{"0":"post-53581","1":"product","2":"type-product","3":"status-publish","4":"has-post-thumbnail","6":"product_cat-d","7":"pa_farbe-transparent","8":"pa_packungsgroesse-1-stueck","10":"first","11":"instock","12":"shipping-taxable","13":"purchasable","14":"product-type-simple"},"acf":[],"_links":{"self":[{"href":"https:\/\/www.ernstbrunn-apotheke.at\/katalog\/wp-json\/wp\/v2\/product\/53581","targetHints":{"allow":["GET"]}}],"collection":[{"href":"https:\/\/www.ernstbrunn-apotheke.at\/katalog\/wp-json\/wp\/v2\/product"}],"about":[{"href":"https:\/\/www.ernstbrunn-apotheke.at\/katalog\/wp-json\/wp\/v2\/types\/product"}],"wp:featuredmedia":[{"embeddable":true,"href":"https:\/\/www.ernstbrunn-apotheke.at\/katalog\/wp-json\/wp\/v2\/media\/53583"}],"wp:attachment":[{"href":"https:\/\/www.ernstbrunn-apotheke.at\/katalog\/wp-json\/wp\/v2\/media?parent=53581"}],"wp:term":[{"taxonomy":"product_brand","embeddable":true,"href":"https:\/\/www.ernstbrunn-apotheke.at\/katalog\/wp-json\/wp\/v2\/product_brand?post=53581"},{"taxonomy":"product_cat","embeddable":true,"href":"https:\/\/www.ernstbrunn-apotheke.at\/katalog\/wp-json\/wp\/v2\/product_cat?post=53581"},{"taxonomy":"product_tag","embeddable":true,"href":"https:\/\/www.ernstbrunn-apotheke.at\/katalog\/wp-json\/wp\/v2\/product_tag?post=53581"}],"curies":[{"name":"wp","href":"https:\/\/api.w.org\/{rel}","templated":true}]}}