{"id":53567,"date":"2025-11-10T19:52:31","date_gmt":"2025-11-10T18:52:31","guid":{"rendered":"https:\/\/www.ernstbrunn-apotheke.at\/katalog\/produkt\/espara-ginseng-kapseln-60-stk\/"},"modified":"2025-12-08T16:53:13","modified_gmt":"2025-12-08T15:53:13","slug":"espara-ginseng-kapseln-60-stk","status":"publish","type":"product","link":"https:\/\/www.ernstbrunn-apotheke.at\/katalog\/produkt\/espara-ginseng-kapseln-60-stk\/","title":{"rendered":"Espara Ginseng Kapseln 60 Stk."},"content":{"rendered":"<p>Espara Ginseng Kapseln + Lecithin sind ein Nahrungserg\u00e4nzungsmittel mit Ginseng in Kombination mit Vitamin E, Lecithin und Bl\u00fctenpollen. Ginseng ist ein wertvolles Kr\u00e4ftigungs- und St\u00e4rkungsmittel. Vitamin E tr\u00e4gt dazu bei, die Zelen vor oxidativem Stress zu sch\u00fctzen.<\/p>\n","protected":false},"excerpt":{"rendered":"<p>Espara Ginseng Kapseln + Lecithin sind ein Nahrungserg\u00e4nzungsmittel mit Ginseng in Kombination mit Vitamin E, Lecithin und Bl\u00fctenpollen. Ginseng ist ein wertvolles Kr\u00e4ftigungs- und St\u00e4rkungsmittel. Vitamin E tr\u00e4gt dazu bei, die Zelen vor oxidativem Stress zu sch\u00fctzen.<\/p>\n","protected":false},"featured_media":53569,"template":"","meta":{"_acf_changed":false},"product_brand":[383],"product_cat":[794],"product_tag":[],"class_list":{"0":"post-53567","1":"product","2":"type-product","3":"status-publish","4":"has-post-thumbnail","6":"product_brand-espara","7":"product_cat-e","8":"pa_packungsgroesse-60-stueck","10":"first","11":"instock","12":"shipping-taxable","13":"purchasable","14":"product-type-simple"},"acf":[],"_links":{"self":[{"href":"https:\/\/www.ernstbrunn-apotheke.at\/katalog\/wp-json\/wp\/v2\/product\/53567","targetHints":{"allow":["GET"]}}],"collection":[{"href":"https:\/\/www.ernstbrunn-apotheke.at\/katalog\/wp-json\/wp\/v2\/product"}],"about":[{"href":"https:\/\/www.ernstbrunn-apotheke.at\/katalog\/wp-json\/wp\/v2\/types\/product"}],"wp:featuredmedia":[{"embeddable":true,"href":"https:\/\/www.ernstbrunn-apotheke.at\/katalog\/wp-json\/wp\/v2\/media\/53569"}],"wp:attachment":[{"href":"https:\/\/www.ernstbrunn-apotheke.at\/katalog\/wp-json\/wp\/v2\/media?parent=53567"}],"wp:term":[{"taxonomy":"product_brand","embeddable":true,"href":"https:\/\/www.ernstbrunn-apotheke.at\/katalog\/wp-json\/wp\/v2\/product_brand?post=53567"},{"taxonomy":"product_cat","embeddable":true,"href":"https:\/\/www.ernstbrunn-apotheke.at\/katalog\/wp-json\/wp\/v2\/product_cat?post=53567"},{"taxonomy":"product_tag","embeddable":true,"href":"https:\/\/www.ernstbrunn-apotheke.at\/katalog\/wp-json\/wp\/v2\/product_tag?post=53567"}],"curies":[{"name":"wp","href":"https:\/\/api.w.org\/{rel}","templated":true}]}}