{"id":53438,"date":"2025-11-10T19:50:09","date_gmt":"2025-11-10T18:50:09","guid":{"rendered":"https:\/\/www.ernstbrunn-apotheke.at\/katalog\/produkt\/dr-grubers-magnesium-chelat-kombi-tabletten\/"},"modified":"2025-12-08T16:52:50","modified_gmt":"2025-12-08T15:52:50","slug":"dr-grubers-magnesium-chelat-kombi-tabletten","status":"publish","type":"product","link":"https:\/\/www.ernstbrunn-apotheke.at\/katalog\/produkt\/dr-grubers-magnesium-chelat-kombi-tabletten\/","title":{"rendered":"Dr. Grubers Magnesium Chelat Kombi Tabletten"},"content":{"rendered":"<p class=\"MsoNormal\">Das Elektrolytgleichgewicht ist von Magnesium abh\u00e4ngig,daher sorgt dieses Mengenelement f\u00fcr die normale Funktion, dem Nervensystems,bei der Zellteilung und der Eiwei\u00dfsynthese und spielt kombiniert mit Manganbeim Energiestoffwechsel eine wichtige Rolle.<\/p>\n<p class=\"MsoNormal\">Normale Muskelfunktion sowie normale psychische Funktionen*sind Magnesium zuzuschreiben. In Kombination mit Mangan sorgt es f\u00fcr dieErhaltung der Knochen und Z\u00e4hne.<\/p>\n<p class=\"MsoNormal\">Magnesium hat eine positive Wirkung zur Verringerung vonM\u00fcdigkeit und Erm\u00fcdung.<\/p>\n<p class=\"MsoNormal\">Mangan hat die Funktion eines Antioxidans und tr\u00e4gt dazubei, die Zellen vor oxidativem Stress zu sch\u00fctzen. Mangan tr\u00e4gt au\u00dferdem zueiner normalen Bindegewebsbildung bei.<\/p>\n<p class=\"MsoNormal\">Magnesium und Calcium in Chelatform k\u00f6nnen zusammeneingenommen werden und behindern sich nicht bei der Aufnahme (Resorption).<\/p>\n<p>*Darunter versteht man seelische Leistungen, dief\u00fcr den Ablauf eines Lernprozesses notwendig sind. Motivation, Wahrnehmung,Denken, Ged\u00e4chtnis oder der Wille zur Erledigung von Aufgaben z\u00e4hlen dazu<\/p>\n","protected":false},"excerpt":{"rendered":"<p>Das Elektrolytgleichgewicht ist von Magnesium abh\u00e4ngig,daher sorgt dieses Mengenelement f\u00fcr die normale Funktion, dem Nervensystems,bei der Zellteilung und der Eiwei\u00dfsynthese und spielt kombiniert mit Manganbeim Energiestoffwechsel eine wichtige Rolle. Normale Muskelfunktion sowie normale psychische Funktionen*sind Magnesium zuzuschreiben. In Kombination mit Mangan sorgt es f\u00fcr dieErhaltung der Knochen und Z\u00e4hne. Magnesium hat eine positive Wirkung zur [&hellip;]<\/p>\n","protected":false},"featured_media":53440,"template":"","meta":{"_acf_changed":false},"product_brand":[],"product_cat":[792],"product_tag":[],"class_list":{"0":"post-53438","1":"product","2":"type-product","3":"status-publish","4":"has-post-thumbnail","6":"product_cat-d","7":"pa_farbe-beige-weiss","8":"pa_packungsgroesse-50-stueck","10":"first","11":"instock","12":"shipping-taxable","13":"purchasable","14":"product-type-simple"},"acf":[],"_links":{"self":[{"href":"https:\/\/www.ernstbrunn-apotheke.at\/katalog\/wp-json\/wp\/v2\/product\/53438","targetHints":{"allow":["GET"]}}],"collection":[{"href":"https:\/\/www.ernstbrunn-apotheke.at\/katalog\/wp-json\/wp\/v2\/product"}],"about":[{"href":"https:\/\/www.ernstbrunn-apotheke.at\/katalog\/wp-json\/wp\/v2\/types\/product"}],"wp:featuredmedia":[{"embeddable":true,"href":"https:\/\/www.ernstbrunn-apotheke.at\/katalog\/wp-json\/wp\/v2\/media\/53440"}],"wp:attachment":[{"href":"https:\/\/www.ernstbrunn-apotheke.at\/katalog\/wp-json\/wp\/v2\/media?parent=53438"}],"wp:term":[{"taxonomy":"product_brand","embeddable":true,"href":"https:\/\/www.ernstbrunn-apotheke.at\/katalog\/wp-json\/wp\/v2\/product_brand?post=53438"},{"taxonomy":"product_cat","embeddable":true,"href":"https:\/\/www.ernstbrunn-apotheke.at\/katalog\/wp-json\/wp\/v2\/product_cat?post=53438"},{"taxonomy":"product_tag","embeddable":true,"href":"https:\/\/www.ernstbrunn-apotheke.at\/katalog\/wp-json\/wp\/v2\/product_tag?post=53438"}],"curies":[{"name":"wp","href":"https:\/\/api.w.org\/{rel}","templated":true}]}}