{"id":53419,"date":"2025-11-10T19:49:27","date_gmt":"2025-11-10T18:49:27","guid":{"rendered":"https:\/\/www.ernstbrunn-apotheke.at\/katalog\/produkt\/nicapur-nicabiotic-6-pulver-60-g\/"},"modified":"2025-12-08T16:52:45","modified_gmt":"2025-12-08T15:52:45","slug":"nicapur-nicabiotic-6-pulver-60-g","status":"publish","type":"product","link":"https:\/\/www.ernstbrunn-apotheke.at\/katalog\/produkt\/nicapur-nicabiotic-6-pulver-60-g\/","title":{"rendered":"Nicapur Nicabiotic 6 Pulver 60 g"},"content":{"rendered":"<p>Ein konzentriertes Nahrungserg\u00e4nzungsmittel mit vermehrungsf\u00e4higen Bakterienkulturen in Pulverform. Mit 6 hochaktiven probiotischen Bakterienst\u00e4mmen in hoher Konzentration (2 Milliarden pro Tagesdosis). Mit Ballaststoffen (FOS) aus der Chicoree-Wurzel, in Pulverform, deshalb besonders geeignet f\u00fcr Kinder \u2013 alle Produkte von Nicapur das ganze Jahr \u00fcber stark preisgesenkt bestellen!<\/p>\n","protected":false},"excerpt":{"rendered":"<p>Ein konzentriertes Nahrungserg\u00e4nzungsmittel mit vermehrungsf\u00e4higen Bakterienkulturen in Pulverform. Mit 6 hochaktiven probiotischen Bakterienst\u00e4mmen in hoher Konzentration (2 Milliarden pro Tagesdosis). Mit Ballaststoffen (FOS) aus der Chicoree-Wurzel, in Pulverform, deshalb besonders geeignet f\u00fcr Kinder \u2013 alle Produkte von Nicapur das ganze Jahr \u00fcber stark preisgesenkt bestellen!<\/p>\n","protected":false},"featured_media":53421,"template":"","meta":{"_acf_changed":false},"product_brand":[352],"product_cat":[797],"product_tag":[],"class_list":{"0":"post-53419","1":"product","2":"type-product","3":"status-publish","4":"has-post-thumbnail","6":"product_brand-nicapur","7":"product_cat-n","8":"pa_packungsgroesse-60g","10":"first","11":"instock","12":"shipping-taxable","13":"purchasable","14":"product-type-simple"},"acf":[],"_links":{"self":[{"href":"https:\/\/www.ernstbrunn-apotheke.at\/katalog\/wp-json\/wp\/v2\/product\/53419","targetHints":{"allow":["GET"]}}],"collection":[{"href":"https:\/\/www.ernstbrunn-apotheke.at\/katalog\/wp-json\/wp\/v2\/product"}],"about":[{"href":"https:\/\/www.ernstbrunn-apotheke.at\/katalog\/wp-json\/wp\/v2\/types\/product"}],"wp:featuredmedia":[{"embeddable":true,"href":"https:\/\/www.ernstbrunn-apotheke.at\/katalog\/wp-json\/wp\/v2\/media\/53421"}],"wp:attachment":[{"href":"https:\/\/www.ernstbrunn-apotheke.at\/katalog\/wp-json\/wp\/v2\/media?parent=53419"}],"wp:term":[{"taxonomy":"product_brand","embeddable":true,"href":"https:\/\/www.ernstbrunn-apotheke.at\/katalog\/wp-json\/wp\/v2\/product_brand?post=53419"},{"taxonomy":"product_cat","embeddable":true,"href":"https:\/\/www.ernstbrunn-apotheke.at\/katalog\/wp-json\/wp\/v2\/product_cat?post=53419"},{"taxonomy":"product_tag","embeddable":true,"href":"https:\/\/www.ernstbrunn-apotheke.at\/katalog\/wp-json\/wp\/v2\/product_tag?post=53419"}],"curies":[{"name":"wp","href":"https:\/\/api.w.org\/{rel}","templated":true}]}}