{"id":53399,"date":"2025-11-10T19:49:27","date_gmt":"2025-11-10T18:49:27","guid":{"rendered":"https:\/\/www.ernstbrunn-apotheke.at\/katalog\/produkt\/vitamin-b1-kapseln\/"},"modified":"2025-12-08T16:52:42","modified_gmt":"2025-12-08T15:52:42","slug":"vitamin-b1-kapseln","status":"publish","type":"product","link":"https:\/\/www.ernstbrunn-apotheke.at\/katalog\/produkt\/vitamin-b1-kapseln\/","title":{"rendered":"Vitamin B1 Kapseln"},"content":{"rendered":"<p>Gall Pharma Vitamin B1 Kapseln 60 Stk. sorgen f\u00fcr ein gesundes Nervensystem, eine gesunde Darmflora, helfen Energie aus der Nahrung zu verwerten und sind deshalb f\u00fcr den Kohlenhydratstoffwechsel sehr wichtig. Als sogenanntes \u201eEnergievitamin\u201c ist es f\u00fcr viele Menschen eine unverzichtbare Hilfe bei der Bew\u00e4ltigung von belastenden Situationen wie Krankheit, nach Operationen, Angstzust\u00e4nden usw. Ein erh\u00f6hter Bedarf entsteht auch durch den Einfluss von Koffein, Rauchen und den Verzehr von S\u00fc\u00dfigkeiten..<\/p>\n","protected":false},"excerpt":{"rendered":"<p>Gall Pharma Vitamin B1 Kapseln 60 Stk. sorgen f\u00fcr ein gesundes Nervensystem, eine gesunde Darmflora, helfen Energie aus der Nahrung zu verwerten und sind deshalb f\u00fcr den Kohlenhydratstoffwechsel sehr wichtig. Als sogenanntes \u201eEnergievitamin\u201c ist es f\u00fcr viele Menschen eine unverzichtbare Hilfe bei der Bew\u00e4ltigung von belastenden Situationen wie Krankheit, nach Operationen, Angstzust\u00e4nden usw. Ein erh\u00f6hter [&hellip;]<\/p>\n","protected":false},"featured_media":53401,"template":"","meta":{"_acf_changed":false},"product_brand":[371],"product_cat":[799],"product_tag":[],"class_list":{"0":"post-53399","1":"product","2":"type-product","3":"status-publish","4":"has-post-thumbnail","6":"product_brand-gall-pharma","7":"product_cat-v","8":"pa_packungsgroesse-30-stueck","9":"pa_packungsgroesse-60-stueck","10":"pa_packungsgroesse-90-stueck","12":"first","13":"instock","14":"shipping-taxable","15":"purchasable","16":"product-type-simple"},"acf":[],"_links":{"self":[{"href":"https:\/\/www.ernstbrunn-apotheke.at\/katalog\/wp-json\/wp\/v2\/product\/53399","targetHints":{"allow":["GET"]}}],"collection":[{"href":"https:\/\/www.ernstbrunn-apotheke.at\/katalog\/wp-json\/wp\/v2\/product"}],"about":[{"href":"https:\/\/www.ernstbrunn-apotheke.at\/katalog\/wp-json\/wp\/v2\/types\/product"}],"wp:featuredmedia":[{"embeddable":true,"href":"https:\/\/www.ernstbrunn-apotheke.at\/katalog\/wp-json\/wp\/v2\/media\/53401"}],"wp:attachment":[{"href":"https:\/\/www.ernstbrunn-apotheke.at\/katalog\/wp-json\/wp\/v2\/media?parent=53399"}],"wp:term":[{"taxonomy":"product_brand","embeddable":true,"href":"https:\/\/www.ernstbrunn-apotheke.at\/katalog\/wp-json\/wp\/v2\/product_brand?post=53399"},{"taxonomy":"product_cat","embeddable":true,"href":"https:\/\/www.ernstbrunn-apotheke.at\/katalog\/wp-json\/wp\/v2\/product_cat?post=53399"},{"taxonomy":"product_tag","embeddable":true,"href":"https:\/\/www.ernstbrunn-apotheke.at\/katalog\/wp-json\/wp\/v2\/product_tag?post=53399"}],"curies":[{"name":"wp","href":"https:\/\/api.w.org\/{rel}","templated":true}]}}