{"id":53369,"date":"2025-11-10T19:48:37","date_gmt":"2025-11-10T18:48:37","guid":{"rendered":"https:\/\/www.ernstbrunn-apotheke.at\/katalog\/produkt\/magnesium-verla-pur-kapseln-2\/"},"modified":"2025-12-08T16:52:37","modified_gmt":"2025-12-08T15:52:37","slug":"magnesium-verla-pur-kapseln-2","status":"publish","type":"product","link":"https:\/\/www.ernstbrunn-apotheke.at\/katalog\/produkt\/magnesium-verla-pur-kapseln-2\/","title":{"rendered":"Magnesium Verla Pur Kapseln"},"content":{"rendered":"<p>Mit 150 mg Magnesium pro Kapsel ist Magnesium Verla\u00ae purKaps eine ideale Erg\u00e4nzung der t\u00e4glichen Magnesiumversorgung. Magnesium ist u.a. f\u00fcr die Bereitstellung von Energie, den Elektrolythaushalt, die Funktion von Muskeln und Nerven und f\u00fcr Knochen und Z\u00e4hne notwendig. Zudem tr\u00e4gt Magnesium zur Verringerung von M\u00fcdigkeit und Erm\u00fcdung bei. Magnesium Verla purKaps sind speziell f\u00fcr Verbraucher entwickelt, die organisches Magnesiumcitrat in m\u00f6glichst  reiner Form einnehmen m\u00f6chten. Die Kapseln auf Cellulose- Basis sind daher frei von Farbstoffen, Geschmacksstoffen und S\u00fc\u00dfungsmitteln. Sie enthalten zudem keine tieri-schen Bestandteile und sind deshalb f\u00fcr Vegetarier und Veganer geeignet.<\/p>\n","protected":false},"excerpt":{"rendered":"<p>Mit 150 mg Magnesium pro Kapsel ist Magnesium Verla\u00ae purKaps eine ideale Erg\u00e4nzung der t\u00e4glichen Magnesiumversorgung. Magnesium ist u.a. f\u00fcr die Bereitstellung von Energie, den Elektrolythaushalt, die Funktion von Muskeln und Nerven und f\u00fcr Knochen und Z\u00e4hne notwendig. Zudem tr\u00e4gt Magnesium zur Verringerung von M\u00fcdigkeit und Erm\u00fcdung bei. Magnesium Verla purKaps sind speziell f\u00fcr Verbraucher [&hellip;]<\/p>\n","protected":false},"featured_media":53371,"template":"","meta":{"_acf_changed":false},"product_brand":[1043],"product_cat":[800],"product_tag":[],"class_list":{"0":"post-53369","1":"product","2":"type-product","3":"status-publish","4":"has-post-thumbnail","6":"product_brand-verla","7":"product_cat-m","8":"pa_packungsgroesse-60-stueck","10":"first","11":"instock","12":"shipping-taxable","13":"purchasable","14":"product-type-simple"},"acf":[],"_links":{"self":[{"href":"https:\/\/www.ernstbrunn-apotheke.at\/katalog\/wp-json\/wp\/v2\/product\/53369","targetHints":{"allow":["GET"]}}],"collection":[{"href":"https:\/\/www.ernstbrunn-apotheke.at\/katalog\/wp-json\/wp\/v2\/product"}],"about":[{"href":"https:\/\/www.ernstbrunn-apotheke.at\/katalog\/wp-json\/wp\/v2\/types\/product"}],"wp:featuredmedia":[{"embeddable":true,"href":"https:\/\/www.ernstbrunn-apotheke.at\/katalog\/wp-json\/wp\/v2\/media\/53371"}],"wp:attachment":[{"href":"https:\/\/www.ernstbrunn-apotheke.at\/katalog\/wp-json\/wp\/v2\/media?parent=53369"}],"wp:term":[{"taxonomy":"product_brand","embeddable":true,"href":"https:\/\/www.ernstbrunn-apotheke.at\/katalog\/wp-json\/wp\/v2\/product_brand?post=53369"},{"taxonomy":"product_cat","embeddable":true,"href":"https:\/\/www.ernstbrunn-apotheke.at\/katalog\/wp-json\/wp\/v2\/product_cat?post=53369"},{"taxonomy":"product_tag","embeddable":true,"href":"https:\/\/www.ernstbrunn-apotheke.at\/katalog\/wp-json\/wp\/v2\/product_tag?post=53369"}],"curies":[{"name":"wp","href":"https:\/\/api.w.org\/{rel}","templated":true}]}}