{"id":53288,"date":"2025-11-10T19:47:00","date_gmt":"2025-11-10T18:47:00","guid":{"rendered":"https:\/\/www.ernstbrunn-apotheke.at\/katalog\/produkt\/revital-ginseng-ginkgo-elixier-bio-330-ml\/"},"modified":"2025-12-08T16:52:20","modified_gmt":"2025-12-08T15:52:20","slug":"revital-ginseng-ginkgo-elixier-bio-330-ml","status":"publish","type":"product","link":"https:\/\/www.ernstbrunn-apotheke.at\/katalog\/produkt\/revital-ginseng-ginkgo-elixier-bio-330-ml\/","title":{"rendered":"Revital Ginseng Ginkgo Elixier Bio 330 ml"},"content":{"rendered":"<p>Die Ginseng-Lebenswurzel \u201cPanax ginseng\u201d und die gehaltreichen Ginkgo-Bl\u00e4tter des Urbaumes \u201cGinkgo biloba\u201d bringen K\u00f6rper, Geist und Seele auf nat\u00fcrliche Art in Einklang und sind seit altersher in China die wertvollsten Lebenskr\u00e4uter. Mit Gelee Royale, dem wertvollsten Schatz der Bienen, sinnvoll erg\u00e4nzt. Dieser kostbare \u201eK\u00f6niginnen-Trank\u201c wird in der Natur als Anti-Ageingmittel genutzt \u2013 die Bienenk\u00f6nigin wird dadurch bis zu 40-mal l\u00e4nger leben und produktiver sein als gew\u00f6hnliche Arbeitsbienen.Nat\u00fcrlich fl\u00fcssig &#8211; fl\u00fcssige Wertstoffe in nat\u00fcrlicher und unverf\u00e4lschter Form k\u00f6nnen dem K\u00f6rper so auf direktem Weg zugef\u00fchrt werden.Ohne Zusatzstoffe wie Ballaststoffe, Verdickungsmittel, Farbstoffe, Aromastoffe.Revital Ginseng Ginkgo Elixier Bio enth\u00e4lt die gesamten Pflanzen und Fr\u00fcchte in ihrem nat\u00fcrlichen Gef\u00fcge, denn sie enthalten vielf\u00e4ltigere bioaktive Wertstoffe..<\/p>\n","protected":false},"excerpt":{"rendered":"<p>Die Ginseng-Lebenswurzel \u201cPanax ginseng\u201d und die gehaltreichen Ginkgo-Bl\u00e4tter des Urbaumes \u201cGinkgo biloba\u201d bringen K\u00f6rper, Geist und Seele auf nat\u00fcrliche Art in Einklang und sind seit altersher in China die wertvollsten Lebenskr\u00e4uter. Mit Gelee Royale, dem wertvollsten Schatz der Bienen, sinnvoll erg\u00e4nzt. Dieser kostbare \u201eK\u00f6niginnen-Trank\u201c wird in der Natur als Anti-Ageingmittel genutzt \u2013 die Bienenk\u00f6nigin wird [&hellip;]<\/p>\n","protected":false},"featured_media":53290,"template":"","meta":{"_acf_changed":false},"product_brand":[],"product_cat":[808],"product_tag":[],"class_list":{"0":"post-53288","1":"product","2":"type-product","3":"status-publish","4":"has-post-thumbnail","6":"product_cat-r","7":"pa_packungsgroesse-330ml","9":"first","10":"instock","11":"shipping-taxable","12":"purchasable","13":"product-type-simple"},"acf":[],"_links":{"self":[{"href":"https:\/\/www.ernstbrunn-apotheke.at\/katalog\/wp-json\/wp\/v2\/product\/53288","targetHints":{"allow":["GET"]}}],"collection":[{"href":"https:\/\/www.ernstbrunn-apotheke.at\/katalog\/wp-json\/wp\/v2\/product"}],"about":[{"href":"https:\/\/www.ernstbrunn-apotheke.at\/katalog\/wp-json\/wp\/v2\/types\/product"}],"wp:featuredmedia":[{"embeddable":true,"href":"https:\/\/www.ernstbrunn-apotheke.at\/katalog\/wp-json\/wp\/v2\/media\/53290"}],"wp:attachment":[{"href":"https:\/\/www.ernstbrunn-apotheke.at\/katalog\/wp-json\/wp\/v2\/media?parent=53288"}],"wp:term":[{"taxonomy":"product_brand","embeddable":true,"href":"https:\/\/www.ernstbrunn-apotheke.at\/katalog\/wp-json\/wp\/v2\/product_brand?post=53288"},{"taxonomy":"product_cat","embeddable":true,"href":"https:\/\/www.ernstbrunn-apotheke.at\/katalog\/wp-json\/wp\/v2\/product_cat?post=53288"},{"taxonomy":"product_tag","embeddable":true,"href":"https:\/\/www.ernstbrunn-apotheke.at\/katalog\/wp-json\/wp\/v2\/product_tag?post=53288"}],"curies":[{"name":"wp","href":"https:\/\/api.w.org\/{rel}","templated":true}]}}