{"id":53227,"date":"2025-11-10T19:45:27","date_gmt":"2025-11-10T18:45:27","guid":{"rendered":"https:\/\/www.ernstbrunn-apotheke.at\/katalog\/produkt\/vitamin-k2-tropfen-50-ml\/"},"modified":"2025-12-08T16:52:07","modified_gmt":"2025-12-08T15:52:07","slug":"vitamin-k2-tropfen-50-ml","status":"publish","type":"product","link":"https:\/\/www.ernstbrunn-apotheke.at\/katalog\/produkt\/vitamin-k2-tropfen-50-ml\/","title":{"rendered":"Vitamin K2 Tropfen 50 ml"},"content":{"rendered":"<p>Seit 2011 vertreibt Shanab Pharma hochwertige Nahrungserg\u00e4nzungsmittel und erzeugt seit einiger Zeit auch eigeneProdukte zur Steigerung von Gesundheit und Wohlbefinden. Shanab Pharma steht f\u00fcr Qualit\u00e4tsprodukte aus m\u00f6glichst nat\u00fcrlichen Rohstoffen<\/p>\n","protected":false},"excerpt":{"rendered":"<p>Seit 2011 vertreibt Shanab Pharma hochwertige Nahrungserg\u00e4nzungsmittel und erzeugt seit einiger Zeit auch eigeneProdukte zur Steigerung von Gesundheit und Wohlbefinden. Shanab Pharma steht f\u00fcr Qualit\u00e4tsprodukte aus m\u00f6glichst nat\u00fcrlichen Rohstoffen<\/p>\n","protected":false},"featured_media":53229,"template":"","meta":{"_acf_changed":false},"product_brand":[],"product_cat":[799],"product_tag":[],"class_list":{"0":"post-53227","1":"product","2":"type-product","3":"status-publish","4":"has-post-thumbnail","6":"product_cat-v","7":"pa_packungsgroesse-50ml","9":"first","10":"instock","11":"shipping-taxable","12":"purchasable","13":"product-type-simple"},"acf":[],"_links":{"self":[{"href":"https:\/\/www.ernstbrunn-apotheke.at\/katalog\/wp-json\/wp\/v2\/product\/53227","targetHints":{"allow":["GET"]}}],"collection":[{"href":"https:\/\/www.ernstbrunn-apotheke.at\/katalog\/wp-json\/wp\/v2\/product"}],"about":[{"href":"https:\/\/www.ernstbrunn-apotheke.at\/katalog\/wp-json\/wp\/v2\/types\/product"}],"wp:featuredmedia":[{"embeddable":true,"href":"https:\/\/www.ernstbrunn-apotheke.at\/katalog\/wp-json\/wp\/v2\/media\/53229"}],"wp:attachment":[{"href":"https:\/\/www.ernstbrunn-apotheke.at\/katalog\/wp-json\/wp\/v2\/media?parent=53227"}],"wp:term":[{"taxonomy":"product_brand","embeddable":true,"href":"https:\/\/www.ernstbrunn-apotheke.at\/katalog\/wp-json\/wp\/v2\/product_brand?post=53227"},{"taxonomy":"product_cat","embeddable":true,"href":"https:\/\/www.ernstbrunn-apotheke.at\/katalog\/wp-json\/wp\/v2\/product_cat?post=53227"},{"taxonomy":"product_tag","embeddable":true,"href":"https:\/\/www.ernstbrunn-apotheke.at\/katalog\/wp-json\/wp\/v2\/product_tag?post=53227"}],"curies":[{"name":"wp","href":"https:\/\/api.w.org\/{rel}","templated":true}]}}