{"id":53148,"date":"2025-11-10T19:44:19","date_gmt":"2025-11-10T18:44:19","guid":{"rendered":"https:\/\/www.ernstbrunn-apotheke.at\/katalog\/produkt\/bios-vitamin-k2-100-mcg-kapseln\/"},"modified":"2025-12-08T16:51:50","modified_gmt":"2025-12-08T15:51:50","slug":"bios-vitamin-k2-100-mcg-kapseln","status":"publish","type":"product","link":"https:\/\/www.ernstbrunn-apotheke.at\/katalog\/produkt\/bios-vitamin-k2-100-mcg-kapseln\/","title":{"rendered":"Bios Vitamin K2 100 mcg Kapseln"},"content":{"rendered":"<p>Bios Vitamin K2 100 mcg Kapseln enthalten 100 \u00b5g Vitamin K2 in einer Hartgelatinekapsel. Vitamin K ist, wie mittlerweile bekannt, nicht nur ein Co-Faktor bei der Blutgerinnung, sondern auch an anderen Stoffwechselprozessen im K\u00f6rper mitbeteiligt. Vitamin K2 tr\u00e4gt zu einer normalen Blutgerinnung bei und ist zudem wichtig f\u00fcr den Erhalt normaler Knochen.<\/p>\n","protected":false},"excerpt":{"rendered":"<p>Bios Vitamin K2 100 mcg Kapseln enthalten 100 \u00b5g Vitamin K2 in einer Hartgelatinekapsel. Vitamin K ist, wie mittlerweile bekannt, nicht nur ein Co-Faktor bei der Blutgerinnung, sondern auch an anderen Stoffwechselprozessen im K\u00f6rper mitbeteiligt. Vitamin K2 tr\u00e4gt zu einer normalen Blutgerinnung bei und ist zudem wichtig f\u00fcr den Erhalt normaler Knochen.<\/p>\n","protected":false},"featured_media":53150,"template":"","meta":{"_acf_changed":false},"product_brand":[],"product_cat":[802],"product_tag":[],"class_list":{"0":"post-53148","1":"product","2":"type-product","3":"status-publish","4":"has-post-thumbnail","6":"product_cat-b","7":"pa_packungsgroesse-100-stueck","9":"first","10":"instock","11":"shipping-taxable","12":"purchasable","13":"product-type-simple"},"acf":[],"_links":{"self":[{"href":"https:\/\/www.ernstbrunn-apotheke.at\/katalog\/wp-json\/wp\/v2\/product\/53148","targetHints":{"allow":["GET"]}}],"collection":[{"href":"https:\/\/www.ernstbrunn-apotheke.at\/katalog\/wp-json\/wp\/v2\/product"}],"about":[{"href":"https:\/\/www.ernstbrunn-apotheke.at\/katalog\/wp-json\/wp\/v2\/types\/product"}],"wp:featuredmedia":[{"embeddable":true,"href":"https:\/\/www.ernstbrunn-apotheke.at\/katalog\/wp-json\/wp\/v2\/media\/53150"}],"wp:attachment":[{"href":"https:\/\/www.ernstbrunn-apotheke.at\/katalog\/wp-json\/wp\/v2\/media?parent=53148"}],"wp:term":[{"taxonomy":"product_brand","embeddable":true,"href":"https:\/\/www.ernstbrunn-apotheke.at\/katalog\/wp-json\/wp\/v2\/product_brand?post=53148"},{"taxonomy":"product_cat","embeddable":true,"href":"https:\/\/www.ernstbrunn-apotheke.at\/katalog\/wp-json\/wp\/v2\/product_cat?post=53148"},{"taxonomy":"product_tag","embeddable":true,"href":"https:\/\/www.ernstbrunn-apotheke.at\/katalog\/wp-json\/wp\/v2\/product_tag?post=53148"}],"curies":[{"name":"wp","href":"https:\/\/api.w.org\/{rel}","templated":true}]}}