{"id":53107,"date":"2025-11-10T19:43:40","date_gmt":"2025-11-10T18:43:40","guid":{"rendered":"https:\/\/www.ernstbrunn-apotheke.at\/katalog\/produkt\/pure-encapsulations-kapseln-energie-ausdauer-340-g\/"},"modified":"2025-12-08T16:51:41","modified_gmt":"2025-12-08T15:51:41","slug":"pure-encapsulations-kapseln-energie-ausdauer-340-g","status":"publish","type":"product","link":"https:\/\/www.ernstbrunn-apotheke.at\/katalog\/produkt\/pure-encapsulations-kapseln-energie-ausdauer-340-g\/","title":{"rendered":"Pure Encapsulations Kapseln Energie &#038; Ausdauer 340 g"},"content":{"rendered":"<p>Pure Encapsulations\u00ae Energie &#038; Ausdauer enth\u00e4lt komplexeKohlenhydrate zur Aufrechterhaltung der Ausdauerleistung undElektrolyte, um Verluste durch vermehrtes Schwitzen auszugleichen.Durch den Mineralstoff Magnesium wird eine normale Muskelfunktionunterst\u00fctzt. Maltodextrinsowie Glucose sind gute Energiequellenund sorgen f\u00fcr einen ausgeglichenen Blutzuckerspiegel.Vitamin C tr\u00e4gt zu einer normalen Funktion des Immunsystems beiund dient als Beitrag zum Schutz der Zellen vor oxidativem Stress.<\/p>\n","protected":false},"excerpt":{"rendered":"<p>Pure Encapsulations\u00ae Energie &#038; Ausdauer enth\u00e4lt komplexeKohlenhydrate zur Aufrechterhaltung der Ausdauerleistung undElektrolyte, um Verluste durch vermehrtes Schwitzen auszugleichen.Durch den Mineralstoff Magnesium wird eine normale Muskelfunktionunterst\u00fctzt. Maltodextrinsowie Glucose sind gute Energiequellenund sorgen f\u00fcr einen ausgeglichenen Blutzuckerspiegel.Vitamin C tr\u00e4gt zu einer normalen Funktion des Immunsystems beiund dient als Beitrag zum Schutz der Zellen vor oxidativem Stress.<\/p>\n","protected":false},"featured_media":53109,"template":"","meta":{"_acf_changed":false},"product_brand":[336],"product_cat":[793],"product_tag":[],"class_list":{"0":"post-53107","1":"product","2":"type-product","3":"status-publish","4":"has-post-thumbnail","6":"product_brand-pure-encapsulations","7":"product_cat-p","8":"pa_packungsgroesse-340g","10":"first","11":"instock","12":"shipping-taxable","13":"purchasable","14":"product-type-simple"},"acf":[],"_links":{"self":[{"href":"https:\/\/www.ernstbrunn-apotheke.at\/katalog\/wp-json\/wp\/v2\/product\/53107","targetHints":{"allow":["GET"]}}],"collection":[{"href":"https:\/\/www.ernstbrunn-apotheke.at\/katalog\/wp-json\/wp\/v2\/product"}],"about":[{"href":"https:\/\/www.ernstbrunn-apotheke.at\/katalog\/wp-json\/wp\/v2\/types\/product"}],"wp:featuredmedia":[{"embeddable":true,"href":"https:\/\/www.ernstbrunn-apotheke.at\/katalog\/wp-json\/wp\/v2\/media\/53109"}],"wp:attachment":[{"href":"https:\/\/www.ernstbrunn-apotheke.at\/katalog\/wp-json\/wp\/v2\/media?parent=53107"}],"wp:term":[{"taxonomy":"product_brand","embeddable":true,"href":"https:\/\/www.ernstbrunn-apotheke.at\/katalog\/wp-json\/wp\/v2\/product_brand?post=53107"},{"taxonomy":"product_cat","embeddable":true,"href":"https:\/\/www.ernstbrunn-apotheke.at\/katalog\/wp-json\/wp\/v2\/product_cat?post=53107"},{"taxonomy":"product_tag","embeddable":true,"href":"https:\/\/www.ernstbrunn-apotheke.at\/katalog\/wp-json\/wp\/v2\/product_tag?post=53107"}],"curies":[{"name":"wp","href":"https:\/\/api.w.org\/{rel}","templated":true}]}}