{"id":53090,"date":"2025-11-10T19:42:55","date_gmt":"2025-11-10T18:42:55","guid":{"rendered":"https:\/\/www.ernstbrunn-apotheke.at\/katalog\/produkt\/life-light-lecithin-3l-granulat-200-g\/"},"modified":"2025-12-08T16:51:37","modified_gmt":"2025-12-08T15:51:37","slug":"life-light-lecithin-3l-granulat-200-g","status":"publish","type":"product","link":"https:\/\/www.ernstbrunn-apotheke.at\/katalog\/produkt\/life-light-lecithin-3l-granulat-200-g\/","title":{"rendered":"Life Light Lecithin 3L Granulat 200 g"},"content":{"rendered":"<p>Life Light Lecithin 3L Granulat enth\u00e4lt 100 % reines Lecithin aus der Sojabohne als nachwachsendem Rohstoff. Lecithin geh\u00f6rt zu den Phospholipiden, speziell zu den Phosphatidylchinolinen und besteht aus Fetts\u00e4uren, Cholin, Phosphors\u00e4ure und Glycerin. Durch die Abtrennung von \u00fcbersch\u00fcssigem \u00d6l aus dem Rohlecithin entsteht ein gut dosierbares Granulat.<\/p>\n","protected":false},"excerpt":{"rendered":"<p>Life Light Lecithin 3L Granulat enth\u00e4lt 100 % reines Lecithin aus der Sojabohne als nachwachsendem Rohstoff. Lecithin geh\u00f6rt zu den Phospholipiden, speziell zu den Phosphatidylchinolinen und besteht aus Fetts\u00e4uren, Cholin, Phosphors\u00e4ure und Glycerin. Durch die Abtrennung von \u00fcbersch\u00fcssigem \u00d6l aus dem Rohlecithin entsteht ein gut dosierbares Granulat.<\/p>\n","protected":false},"featured_media":53092,"template":"","meta":{"_acf_changed":false},"product_brand":[],"product_cat":[795],"product_tag":[],"class_list":{"0":"post-53090","1":"product","2":"type-product","3":"status-publish","4":"has-post-thumbnail","6":"product_cat-l","7":"pa_packungsgroesse-200g","9":"first","10":"instock","11":"shipping-taxable","12":"purchasable","13":"product-type-simple"},"acf":[],"_links":{"self":[{"href":"https:\/\/www.ernstbrunn-apotheke.at\/katalog\/wp-json\/wp\/v2\/product\/53090","targetHints":{"allow":["GET"]}}],"collection":[{"href":"https:\/\/www.ernstbrunn-apotheke.at\/katalog\/wp-json\/wp\/v2\/product"}],"about":[{"href":"https:\/\/www.ernstbrunn-apotheke.at\/katalog\/wp-json\/wp\/v2\/types\/product"}],"wp:featuredmedia":[{"embeddable":true,"href":"https:\/\/www.ernstbrunn-apotheke.at\/katalog\/wp-json\/wp\/v2\/media\/53092"}],"wp:attachment":[{"href":"https:\/\/www.ernstbrunn-apotheke.at\/katalog\/wp-json\/wp\/v2\/media?parent=53090"}],"wp:term":[{"taxonomy":"product_brand","embeddable":true,"href":"https:\/\/www.ernstbrunn-apotheke.at\/katalog\/wp-json\/wp\/v2\/product_brand?post=53090"},{"taxonomy":"product_cat","embeddable":true,"href":"https:\/\/www.ernstbrunn-apotheke.at\/katalog\/wp-json\/wp\/v2\/product_cat?post=53090"},{"taxonomy":"product_tag","embeddable":true,"href":"https:\/\/www.ernstbrunn-apotheke.at\/katalog\/wp-json\/wp\/v2\/product_tag?post=53090"}],"curies":[{"name":"wp","href":"https:\/\/api.w.org\/{rel}","templated":true}]}}