{"id":53057,"date":"2025-11-10T19:42:08","date_gmt":"2025-11-10T18:42:08","guid":{"rendered":"https:\/\/www.ernstbrunn-apotheke.at\/katalog\/produkt\/espara-acerola-vitamin-c-kautabletten-60-stk\/"},"modified":"2025-12-08T16:51:31","modified_gmt":"2025-12-08T15:51:31","slug":"espara-acerola-vitamin-c-kautabletten-60-stk","status":"publish","type":"product","link":"https:\/\/www.ernstbrunn-apotheke.at\/katalog\/produkt\/espara-acerola-vitamin-c-kautabletten-60-stk\/","title":{"rendered":"Espara Acerola Vitamin C Kautabletten 60 Stk."},"content":{"rendered":"<p>Espara Acerola Vitamin C Kautabletten enthalten nat\u00fcrliches Vitamin C aus der Acerola-Kirsche und schmecken herrlich fruchtig. Vitamin C tr\u00e4gt zur normalen Funktion des Immunsystems bei. Au\u00dferdem unterst\u00fctzt es die Kollagenbildung (Blutgef\u00e4\u00dfe, Knochen, Knorpel, Zahnfleisch) und sch\u00fctzt die Zellen vor oxidativem Stress.<\/p>\n","protected":false},"excerpt":{"rendered":"<p>Espara Acerola Vitamin C Kautabletten enthalten nat\u00fcrliches Vitamin C aus der Acerola-Kirsche und schmecken herrlich fruchtig. Vitamin C tr\u00e4gt zur normalen Funktion des Immunsystems bei. Au\u00dferdem unterst\u00fctzt es die Kollagenbildung (Blutgef\u00e4\u00dfe, Knochen, Knorpel, Zahnfleisch) und sch\u00fctzt die Zellen vor oxidativem Stress.<\/p>\n","protected":false},"featured_media":53059,"template":"","meta":{"_acf_changed":false},"product_brand":[383],"product_cat":[794],"product_tag":[],"class_list":{"0":"post-53057","1":"product","2":"type-product","3":"status-publish","4":"has-post-thumbnail","6":"product_brand-espara","7":"product_cat-e","8":"pa_geschmack-kirsche","9":"pa_packungsgroesse-150-stueck","10":"pa_packungsgroesse-60-stueck","12":"first","13":"instock","14":"shipping-taxable","15":"purchasable","16":"product-type-simple"},"acf":[],"_links":{"self":[{"href":"https:\/\/www.ernstbrunn-apotheke.at\/katalog\/wp-json\/wp\/v2\/product\/53057","targetHints":{"allow":["GET"]}}],"collection":[{"href":"https:\/\/www.ernstbrunn-apotheke.at\/katalog\/wp-json\/wp\/v2\/product"}],"about":[{"href":"https:\/\/www.ernstbrunn-apotheke.at\/katalog\/wp-json\/wp\/v2\/types\/product"}],"wp:featuredmedia":[{"embeddable":true,"href":"https:\/\/www.ernstbrunn-apotheke.at\/katalog\/wp-json\/wp\/v2\/media\/53059"}],"wp:attachment":[{"href":"https:\/\/www.ernstbrunn-apotheke.at\/katalog\/wp-json\/wp\/v2\/media?parent=53057"}],"wp:term":[{"taxonomy":"product_brand","embeddable":true,"href":"https:\/\/www.ernstbrunn-apotheke.at\/katalog\/wp-json\/wp\/v2\/product_brand?post=53057"},{"taxonomy":"product_cat","embeddable":true,"href":"https:\/\/www.ernstbrunn-apotheke.at\/katalog\/wp-json\/wp\/v2\/product_cat?post=53057"},{"taxonomy":"product_tag","embeddable":true,"href":"https:\/\/www.ernstbrunn-apotheke.at\/katalog\/wp-json\/wp\/v2\/product_tag?post=53057"}],"curies":[{"name":"wp","href":"https:\/\/api.w.org\/{rel}","templated":true}]}}