{"id":53052,"date":"2025-11-10T19:42:08","date_gmt":"2025-11-10T18:42:08","guid":{"rendered":"https:\/\/www.ernstbrunn-apotheke.at\/katalog\/produkt\/vitamin-b1-tabletten-dl-20-stk\/"},"modified":"2025-12-08T16:51:30","modified_gmt":"2025-12-08T15:51:30","slug":"vitamin-b1-tabletten-dl-20-stk","status":"publish","type":"product","link":"https:\/\/www.ernstbrunn-apotheke.at\/katalog\/produkt\/vitamin-b1-tabletten-dl-20-stk\/","title":{"rendered":"Vitamin B1 Tabletten DL 20 Stk."},"content":{"rendered":"<p>Vitamin B1 Tabletten DL 20 sind ein Vitamin-Pr\u00e4parat. Vitamin B1 ist ein wasserl\u00f6sliches Vitamin und ist insbesondere f\u00fcr die Funktion des Nervensystems unentbehrlich. Es wird im Volksmund auch Stimmungsvitamin genannt.<\/p>\n","protected":false},"excerpt":{"rendered":"<p>Vitamin B1 Tabletten DL 20 sind ein Vitamin-Pr\u00e4parat. Vitamin B1 ist ein wasserl\u00f6sliches Vitamin und ist insbesondere f\u00fcr die Funktion des Nervensystems unentbehrlich. Es wird im Volksmund auch Stimmungsvitamin genannt.<\/p>\n","protected":false},"featured_media":53054,"template":"","meta":{"_acf_changed":false},"product_brand":[],"product_cat":[799],"product_tag":[],"class_list":{"0":"post-53052","1":"product","2":"type-product","3":"status-publish","4":"has-post-thumbnail","6":"product_cat-v","7":"pa_packungsgroesse-20-stueck","9":"first","10":"instock","11":"shipping-taxable","12":"purchasable","13":"product-type-simple"},"acf":[],"_links":{"self":[{"href":"https:\/\/www.ernstbrunn-apotheke.at\/katalog\/wp-json\/wp\/v2\/product\/53052","targetHints":{"allow":["GET"]}}],"collection":[{"href":"https:\/\/www.ernstbrunn-apotheke.at\/katalog\/wp-json\/wp\/v2\/product"}],"about":[{"href":"https:\/\/www.ernstbrunn-apotheke.at\/katalog\/wp-json\/wp\/v2\/types\/product"}],"wp:featuredmedia":[{"embeddable":true,"href":"https:\/\/www.ernstbrunn-apotheke.at\/katalog\/wp-json\/wp\/v2\/media\/53054"}],"wp:attachment":[{"href":"https:\/\/www.ernstbrunn-apotheke.at\/katalog\/wp-json\/wp\/v2\/media?parent=53052"}],"wp:term":[{"taxonomy":"product_brand","embeddable":true,"href":"https:\/\/www.ernstbrunn-apotheke.at\/katalog\/wp-json\/wp\/v2\/product_brand?post=53052"},{"taxonomy":"product_cat","embeddable":true,"href":"https:\/\/www.ernstbrunn-apotheke.at\/katalog\/wp-json\/wp\/v2\/product_cat?post=53052"},{"taxonomy":"product_tag","embeddable":true,"href":"https:\/\/www.ernstbrunn-apotheke.at\/katalog\/wp-json\/wp\/v2\/product_tag?post=53052"}],"curies":[{"name":"wp","href":"https:\/\/api.w.org\/{rel}","templated":true}]}}