{"id":53014,"date":"2025-11-10T19:41:21","date_gmt":"2025-11-10T18:41:21","guid":{"rendered":"https:\/\/www.ernstbrunn-apotheke.at\/katalog\/produkt\/vitarenal-kapseln\/"},"modified":"2025-12-08T16:51:22","modified_gmt":"2025-12-08T15:51:22","slug":"vitarenal-kapseln","status":"publish","type":"product","link":"https:\/\/www.ernstbrunn-apotheke.at\/katalog\/produkt\/vitarenal-kapseln\/","title":{"rendered":"Vitarenal Kapseln"},"content":{"rendered":"<p>Vitarenal Kapseln sind ein di\u00e4tetisches Lebensmittel zur Versorgung von Dialysepatienten mit wasserl\u00f6slichen Vitaminen. Das Produkt dient zum Ausgleich von Vitamin B-Mangel bei erh\u00f6htem Homocysteinspiegel von Dialysepatienten und Niereninsuffizienz.<\/p>\n","protected":false},"excerpt":{"rendered":"<p>Vitarenal Kapseln sind ein di\u00e4tetisches Lebensmittel zur Versorgung von Dialysepatienten mit wasserl\u00f6slichen Vitaminen. Das Produkt dient zum Ausgleich von Vitamin B-Mangel bei erh\u00f6htem Homocysteinspiegel von Dialysepatienten und Niereninsuffizienz.<\/p>\n","protected":false},"featured_media":53016,"template":"","meta":{"_acf_changed":false},"product_brand":[371],"product_cat":[799],"product_tag":[],"class_list":{"0":"post-53014","1":"product","2":"type-product","3":"status-publish","4":"has-post-thumbnail","6":"product_brand-gall-pharma","7":"product_cat-v","8":"pa_packungsgroesse-100-stueck","10":"first","11":"instock","12":"shipping-taxable","13":"purchasable","14":"product-type-simple"},"acf":[],"_links":{"self":[{"href":"https:\/\/www.ernstbrunn-apotheke.at\/katalog\/wp-json\/wp\/v2\/product\/53014","targetHints":{"allow":["GET"]}}],"collection":[{"href":"https:\/\/www.ernstbrunn-apotheke.at\/katalog\/wp-json\/wp\/v2\/product"}],"about":[{"href":"https:\/\/www.ernstbrunn-apotheke.at\/katalog\/wp-json\/wp\/v2\/types\/product"}],"wp:featuredmedia":[{"embeddable":true,"href":"https:\/\/www.ernstbrunn-apotheke.at\/katalog\/wp-json\/wp\/v2\/media\/53016"}],"wp:attachment":[{"href":"https:\/\/www.ernstbrunn-apotheke.at\/katalog\/wp-json\/wp\/v2\/media?parent=53014"}],"wp:term":[{"taxonomy":"product_brand","embeddable":true,"href":"https:\/\/www.ernstbrunn-apotheke.at\/katalog\/wp-json\/wp\/v2\/product_brand?post=53014"},{"taxonomy":"product_cat","embeddable":true,"href":"https:\/\/www.ernstbrunn-apotheke.at\/katalog\/wp-json\/wp\/v2\/product_cat?post=53014"},{"taxonomy":"product_tag","embeddable":true,"href":"https:\/\/www.ernstbrunn-apotheke.at\/katalog\/wp-json\/wp\/v2\/product_tag?post=53014"}],"curies":[{"name":"wp","href":"https:\/\/api.w.org\/{rel}","templated":true}]}}